{"id":865,"date":"2022-11-05T05:56:42","date_gmt":"2022-11-05T05:56:42","guid":{"rendered":"http:\/\/e-linguist.com\/?page_id=865"},"modified":"2023-10-06T19:19:57","modified_gmt":"2023-10-07T02:19:57","slug":"deklination","status":"publish","type":"page","link":"https:\/\/alemanexpress.net\/index.php\/deklination\/","title":{"rendered":"Dominio de los Casos en la Gram\u00e1tica Alemana"},"content":{"rendered":"\t\t<div data-elementor-type=\"wp-page\" data-elementor-id=\"865\" class=\"elementor elementor-865\">\n\t\t\t\t\t\t<section class=\"elementor-section elementor-top-section elementor-element elementor-element-2f6173e2 elementor-section-full_width elementor-section-height-default elementor-section-height-default\" data-id=\"2f6173e2\" data-element_type=\"section\" data-e-type=\"section\">\n\t\t\t\t\t\t<div class=\"elementor-container elementor-column-gap-default\">\n\t\t\t\t\t<div class=\"elementor-column elementor-col-100 elementor-top-column elementor-element elementor-element-6152ec90\" data-id=\"6152ec90\" data-element_type=\"column\" data-e-type=\"column\">\n\t\t\t<div class=\"elementor-widget-wrap elementor-element-populated\">\n\t\t\t\t\t\t<div class=\"elementor-element elementor-element-5283bbcd elementor-widget elementor-widget-heading\" data-id=\"5283bbcd\" data-element_type=\"widget\" data-e-type=\"widget\" data-widget_type=\"heading.default\">\n\t\t\t\t<div class=\"elementor-widget-container\">\n\t\t\t\t\t<h4 class=\"elementor-heading-title elementor-size-default\">Dominio de los Casos en la Gram\u00e1tica Alemana<\/h4>\t\t\t\t<\/div>\n\t\t\t\t<\/div>\n\t\t\t\t\t<\/div>\n\t\t<\/div>\n\t\t\t\t\t<\/div>\n\t\t<\/section>\n\t\t\t\t<section class=\"elementor-section elementor-top-section elementor-element elementor-element-1db5e33e elementor-section-boxed elementor-section-height-default elementor-section-height-default\" data-id=\"1db5e33e\" data-element_type=\"section\" data-e-type=\"section\">\n\t\t\t\t\t\t<div class=\"elementor-container elementor-column-gap-default\">\n\t\t\t\t\t<div class=\"elementor-column elementor-col-25 elementor-top-column elementor-element elementor-element-5bcdc817\" data-id=\"5bcdc817\" data-element_type=\"column\" data-e-type=\"column\">\n\t\t\t<div class=\"elementor-widget-wrap elementor-element-populated\">\n\t\t\t\t\t\t<div class=\"elementor-element elementor-element-69d4035 elementor-widget elementor-widget-nav-menu\" data-id=\"69d4035\" data-element_type=\"widget\" data-e-type=\"widget\" data-widget_type=\"nav-menu.default\">\n\t\t\t\t<div class=\"elementor-widget-container\">\n\t\t\t\t\t \t\t\t\t<\/div>\n\t\t\t\t<\/div>\n\t\t\t\t\t<\/div>\n\t\t<\/div>\n\t\t\t\t<div class=\"elementor-column elementor-col-50 elementor-top-column elementor-element elementor-element-7f44c45\" data-id=\"7f44c45\" data-element_type=\"column\" data-e-type=\"column\">\n\t\t\t<div class=\"elementor-widget-wrap elementor-element-populated\">\n\t\t\t\t\t\t<div class=\"elementor-element elementor-element-51bc1874 elementor-widget elementor-widget-text-editor\" data-id=\"51bc1874\" data-element_type=\"widget\" data-e-type=\"widget\" data-widget_type=\"text-editor.default\">\n\t\t\t\t<div class=\"elementor-widget-container\">\n\t\t\t\t\t\t\t\t\t<p>En la gram\u00e1tica alemana, existen <strong>4 casos<\/strong>, tambi\u00e9n conocidos como &#8222;Kasus&#8220; o &#8222;Fall&#8220;. Estos casos indican <strong>la relaci\u00f3n que guarda el sustantivo con las dem\u00e1s partes de la oraci\u00f3n.<\/strong> Cada caso desempe\u00f1a una funci\u00f3n espec\u00edfica, que se explicar\u00e1 m\u00e1s detalladamente en la tabla que aparece a continuaci\u00f3n. Los sustantivos y sus acompa\u00f1antes, como los art\u00edculos, pronombres y adjetivos, cambian su forma seg\u00fan su funci\u00f3n en la oraci\u00f3n, ya sea como sujeto, objeto directo\/indirecto o para indicar origen o posesi\u00f3n.<\/p><p>En otros idiomas como en espa\u00f1ol, la relaci\u00f3n entre los sustantivos se expresa a trav\u00e9s de la estructura de la oraci\u00f3n y\/o preposiciones. En general, en alem\u00e1n, la oraci\u00f3n comienza con el sujeto, a menos que otro elemento de la oraci\u00f3n sea m\u00e1s relevante, en cuyo caso puede ocupar la posici\u00f3n inicial (ver estructura de la oraci\u00f3n). <b>Si no se utiliza la declinaci\u00f3n adecuada, la oraci\u00f3n puede resultar completamente incomprensible<\/b>.<\/p><p><b>Ejemplo:\u00a0<\/b><\/p>\t\t\t\t\t\t\t\t<\/div>\n\t\t\t\t<\/div>\n\t\t\t\t<div class=\"elementor-element elementor-element-598c7c9f elementor-position-inline-start elementor-view-default elementor-mobile-position-block-start elementor-widget elementor-widget-icon-box\" data-id=\"598c7c9f\" data-element_type=\"widget\" data-e-type=\"widget\" data-widget_type=\"icon-box.default\">\n\t\t\t\t<div class=\"elementor-widget-container\">\n\t\t\t\t\t\t\t<div class=\"elementor-icon-box-wrapper\">\n\n\t\t\t\t\t\t<div class=\"elementor-icon-box-icon\">\n\t\t\t\t<span  class=\"elementor-icon\">\n\t\t\t\t<i aria-hidden=\"true\" class=\"far fa-comment\"><\/i>\t\t\t\t<\/span>\n\t\t\t<\/div>\n\t\t\t\n\t\t\t\t\t\t<div class=\"elementor-icon-box-content\">\n\n\t\t\t\t\n\t\t\t\t\t\t\t\t\t<p class=\"elementor-icon-box-description\">\n\t\t\t\t\t\t<span><span class=\"nominativ\">Der Mann<\/span> jagt <span class=\"akkusativ\">den Tiger<\/span>. Den Tiger jagt der Mann.<br><\/span><small>El hombre persigue al tigre. Al tigre lo persigue el hombre.<\/small>\t\t\t\t\t<\/p>\n\t\t\t\t\n\t\t\t<\/div>\n\t\t\t\n\t\t<\/div>\n\t\t\t\t\t\t<\/div>\n\t\t\t\t<\/div>\n\t\t\t\t<div class=\"elementor-element elementor-element-8cda5e5 elementor-widget elementor-widget-text-editor\" data-id=\"8cda5e5\" data-element_type=\"widget\" data-e-type=\"widget\" data-widget_type=\"text-editor.default\">\n\t\t\t\t<div class=\"elementor-widget-container\">\n\t\t\t\t\t\t\t\t\t<p>El &#8222;caso&#8220; (Kasus) clarifica qui\u00e9n\/que es <span class=\"akkusativ\">el cazado<\/span> (objeto directo\/acusativo). Incluso si se cambia la posici\u00f3n del sujeto, el significado se mantiene.\u00a0<\/p>\t\t\t\t\t\t\t\t<\/div>\n\t\t\t\t<\/div>\n\t\t\t\t<div class=\"elementor-element elementor-element-7b261e1 elementor-widget elementor-widget-heading\" data-id=\"7b261e1\" data-element_type=\"widget\" data-e-type=\"widget\" data-widget_type=\"heading.default\">\n\t\t\t\t<div class=\"elementor-widget-container\">\n\t\t\t\t\t<h5 class=\"elementor-heading-title elementor-size-default\">Visi\u00f3n general de los 4 casos<\/h5>\t\t\t\t<\/div>\n\t\t\t\t<\/div>\n\t\t\t\t<div class=\"elementor-element elementor-element-5b823ba elementor-widget elementor-widget-text-editor\" data-id=\"5b823ba\" data-element_type=\"widget\" data-e-type=\"widget\" data-widget_type=\"text-editor.default\">\n\t\t\t\t<div class=\"elementor-widget-container\">\n\t\t\t\t\t\t\t\t\t<p>Todos los 4 casos de un vistazo. Encuentras informaci\u00f3n detallada en la p\u00e1gina de cada caso respectivo.<\/p>\t\t\t\t\t\t\t\t<\/div>\n\t\t\t\t<\/div>\n\t\t\t\t<div class=\"elementor-element elementor-element-185f650 elementor-widget elementor-widget-text-editor\" data-id=\"185f650\" data-element_type=\"widget\" data-e-type=\"widget\" data-widget_type=\"text-editor.default\">\n\t\t\t\t<div class=\"elementor-widget-container\">\n\t\t\t\t\t\t\t\t\t<table><thead><tr><th><span style=\"font-weight: 400;\">F\u00e4lle<\/span><\/th><th><span style=\"font-weight: 400;\">Nutzung<\/span><\/th><th><span style=\"font-weight: 400;\">Fragewort<\/span><\/th><th><span style=\"font-weight: 400;\">Beispiel<\/span><\/th><\/tr><\/thead><tbody><tr><td><a href=\"https:\/\/alemanexpress.net\/index.php\/nominativ\/\"><mark><span style=\"color: #333333;\">Nominativ<\/span><\/mark><\/a><\/td><td>\u00bb Forma base de los sustantivos<br \/>\u00bb Sujeto\u00a0<\/td><td>Wer\/Was?<\/td><td><strong>Der<\/strong> <strong>Tisch<\/strong> ist klein.<br \/><strong>Die<\/strong> <strong>Frau<\/strong> isst gern.<\/td><\/tr><tr><td><a href=\"https:\/\/alemanexpress.net\/index.php\/akkusativ\/\"><mark><span style=\"color: #333333;\">Akkusativ<\/span><\/mark><\/a><\/td><td>\u00bb Objeto directo\/objeto acusativo <br \/>\u00bb Indicaci\u00f3n temporal sin preposici\u00f3n<br \/>\u00bb Preposiciones de lugar, din\u00e1micas\u00a0 (Wechselpr\u00e4position)<br \/>\u00bb Preposiciones que siempre rigen el acusativo<\/td><td><p>Wen\/Was?<\/p><p>Wohin?<\/p><\/td><td>Der Mann isst <strong>den<\/strong> <strong>Apfel<\/strong>.<br \/>Die Familie f\u00e4hrt in <strong>den<\/strong> <strong>Urlaub<\/strong>.<\/td><\/tr><tr><td><a href=\"https:\/\/alemanexpress.net\/index.php\/dativ\/\"><mark><span style=\"color: #333333;\">Dativ<\/span><\/mark><\/a><\/td><td>\u00a0\u00bb Objeto indirecto\/objeto dativo (a menudo una persona que recibe algo)<br \/>\u00bb Indicaci\u00f3n temporal sin preposici\u00f3n (excepto: f\u00fcr &amp; bis)<br \/>\u00bb Preposiciones de lugar, est\u00e1ticas (Wechselpr\u00e4position)<br \/>\u00bb Preposiciones que siempre rigen el Dativo<br \/>\u00bb Verbos con Dativo, folgen, helfen, etc<\/td><td>Wem\/Was?<br \/>Wo?<br \/>Wann?<\/td><td>\u00a0Das Haus geh\u00f6rt <strong>dem Onkel.<\/strong><br \/>Die Schl\u00fcssel liegen auf <strong>dem Tisch<\/strong>.<br \/><strong>Am Sonntag<\/strong> habe ich frei.<\/td><\/tr><tr><td><a href=\"https:\/\/alemanexpress.net\/index.php\/genitiv\/\"><mark><span style=\"color: #333333;\">Genitiv<\/span><\/mark><\/a><\/td><td>\u00bb Describe origen, posesi\u00f3n, pertenencia <br \/>\u00bb Preposiciones que siempre rigen Genitivo<br \/>\u00bb Unos verbos que rigen Genitivo<\/td><td>\u00a0Wessen?<\/td><td>Das ist das Auto <strong>meiner Mutter<\/strong>.<\/td><\/tr><\/tbody><\/table>\t\t\t\t\t\t\t\t<\/div>\n\t\t\t\t<\/div>\n\t\t\t\t<div class=\"elementor-element elementor-element-460e907a elementor-widget elementor-widget-heading\" data-id=\"460e907a\" data-element_type=\"widget\" data-e-type=\"widget\" data-widget_type=\"heading.default\">\n\t\t\t\t<div class=\"elementor-widget-container\">\n\t\t\t\t\t<h5 class=\"elementor-heading-title elementor-size-default\">Deklination<\/h5>\t\t\t\t<\/div>\n\t\t\t\t<\/div>\n\t\t\t\t<div class=\"elementor-element elementor-element-df747d7 elementor-widget elementor-widget-text-editor\" data-id=\"df747d7\" data-element_type=\"widget\" data-e-type=\"widget\" data-widget_type=\"text-editor.default\">\n\t\t\t\t<div class=\"elementor-widget-container\">\n\t\t\t\t\t\t\t\t\t<p>Resumen de c\u00f3mo cambian los art\u00edculos en cada caso respectivo:<\/p>\t\t\t\t\t\t\t\t<\/div>\n\t\t\t\t<\/div>\n\t\t\t\t<div class=\"elementor-element elementor-element-36d3160b elementor-widget elementor-widget-text-editor\" data-id=\"36d3160b\" data-element_type=\"widget\" data-e-type=\"widget\" data-widget_type=\"text-editor.default\">\n\t\t\t\t<div class=\"elementor-widget-container\">\n\t\t\t\t\t\t\t\t\t<p>\u00a0<\/p><table class=\"table\"><thead><tr><th style=\"text-align: center;\">Casos<\/th><th style=\"text-align: center;\">Masculino<\/th><th style=\"text-align: center;\">Feminino<\/th><th style=\"text-align: center;\">Neutro<\/th><th style=\"text-align: center;\">Plural<\/th><\/tr><\/thead><tbody><tr><td>Nominativ<\/td><td>der<br \/>ein<\/td><td>die<br \/>eine<\/td><td>das<br \/>ein<\/td><td>die<br \/>&#8211;<\/td><\/tr><tr><td>Akkusativ<\/td><td>den<br \/>einen<\/td><td>die<br \/>eine<\/td><td>das<br \/>ein<\/td><td>die<br \/>&#8211;<\/td><\/tr><tr><td>Dativ<\/td><td>dem<br \/>einem<\/td><td>der<br \/>einer<\/td><td>dem<br \/>einem<\/td><td>den<br \/>&#8211;<\/td><\/tr><tr><td>Genitiv<\/td><td>des<br \/>eines<\/td><td>der<br \/>einer<\/td><td>des<br \/>eines<\/td><td>der<br \/>&#8211;<\/td><\/tr><\/tbody><\/table><p>\u00a0<\/p>\t\t\t\t\t\t\t\t<\/div>\n\t\t\t\t<\/div>\n\t\t\t\t<div class=\"elementor-element elementor-element-377db46 elementor-position-inline-start elementor-view-default elementor-mobile-position-block-start elementor-widget elementor-widget-icon-box\" data-id=\"377db46\" data-element_type=\"widget\" data-e-type=\"widget\" data-widget_type=\"icon-box.default\">\n\t\t\t\t<div class=\"elementor-widget-container\">\n\t\t\t\t\t\t\t<div class=\"elementor-icon-box-wrapper\">\n\n\t\t\t\t\t\t<div class=\"elementor-icon-box-icon\">\n\t\t\t\t<span  class=\"elementor-icon\">\n\t\t\t\t<i aria-hidden=\"true\" class=\"fas fa-asterisk\"><\/i>\t\t\t\t<\/span>\n\t\t\t<\/div>\n\t\t\t\n\t\t\t\t\t\t<div class=\"elementor-icon-box-content\">\n\n\t\t\t\t\n\t\t\t\t\t\t\t\t\t<p class=\"elementor-icon-box-description\">\n\t\t\t\t\t\tTen en cuenta que esta declinaci\u00f3n tambi\u00e9n se aplica a <b>pronombres, pronombres posesivos, adjetivos, etc.<\/b>\t\t\t\t\t<\/p>\n\t\t\t\t\n\t\t\t<\/div>\n\t\t\t\n\t\t<\/div>\n\t\t\t\t\t\t<\/div>\n\t\t\t\t<\/div>\n\t\t\t\t<div class=\"elementor-element elementor-element-5ee7273 elementor-widget elementor-widget-text-editor\" data-id=\"5ee7273\" data-element_type=\"widget\" data-e-type=\"widget\" data-widget_type=\"text-editor.default\">\n\t\t\t\t<div class=\"elementor-widget-container\">\n\t\t\t\t\t\t\t\t\t<h6>Weitere Beispiele:<\/h6><p style=\"text-align: center;\"><span class=\"nominativ\">Nominativ<\/span> &#8211; <span class=\"akkusativ\">Akkusativ<\/span> &#8211; <span class=\"dativ\">Dativ<\/span> &#8211; <span class=\"genitiv\">Genitiv<\/span><\/p><p>1.<br \/><span translate=\"no\"><span class=\"nominativ\"> Der Vater<\/span> <span class=\"genitiv\">des Kindes<\/span> hilft <span class=\"dativ\"> den anderen Schuelern<\/span> <span class=\"genitiv\">der 6. Klasse<\/span> mit <span class=\"dativ\">den Matheaufgaben<\/span>.<\/span><br \/>El padre del ni\u00f1o ayuda a los otros estudiantes de sexto grado con los problemas de matem\u00e1ticas<\/p>\t\t\t\t\t\t\t\t<\/div>\n\t\t\t\t<\/div>\n\t\t\t\t<div class=\"elementor-element elementor-element-53d3dc3 elementor-widget elementor-widget-text-editor\" data-id=\"53d3dc3\" data-element_type=\"widget\" data-e-type=\"widget\" data-widget_type=\"text-editor.default\">\n\t\t\t\t<div class=\"elementor-widget-container\">\n\t\t\t\t\t\t\t\t\t<p>2.<span translate=\"no\"><br \/><span class=\"nominativ\">Maria<\/span> liest <span class=\"akkusativ\">einen Roman<\/span> <span class=\"genitiv\">ihres Lieblingsautors<\/span><\/span>.<br \/>Maria lee una novela de su autor favorito.<\/p>\t\t\t\t\t\t\t\t<\/div>\n\t\t\t\t<\/div>\n\t\t\t\t<div class=\"elementor-element elementor-element-c0f4c6b elementor-widget elementor-widget-text-editor\" data-id=\"c0f4c6b\" data-element_type=\"widget\" data-e-type=\"widget\" data-widget_type=\"text-editor.default\">\n\t\t\t\t<div class=\"elementor-widget-container\">\n\t\t\t\t\t\t\t\t\t<p>3.<span translate=\"no\"><br \/><span class=\"nominativ\">Die Mutter<\/span> <span class=\"genitiv\">meines Freundes<\/span> hat <span class=\"dativ\">meiner Mutter<\/span> <span class=\"akkusativ\">ein Buch<\/span> ueber <span class=\"akkusativ\">den Regenwald<\/span> geschenkt.<\/span><br \/>La madre de mi amigo le regal\u00f3 a mi madre un libro sobre la selva tropical.<\/p>\t\t\t\t\t\t\t\t<\/div>\n\t\t\t\t<\/div>\n\t\t\t\t<div class=\"elementor-element elementor-element-be0e875 elementor-widget elementor-widget-text-editor\" data-id=\"be0e875\" data-element_type=\"widget\" data-e-type=\"widget\" data-widget_type=\"text-editor.default\">\n\t\t\t\t<div class=\"elementor-widget-container\">\n\t\t\t\t\t\t\t\t\t<p>Los casos gramaticales pueden parecer un desaf\u00edo al principio, pero con pr\u00e1ctica y paciencia, puedes dominarlos. \u00a1No olvides descargar nuestros recursos para mejorar tu comprensi\u00f3n y habilidades en alem\u00e1n! \u00a1Buena suerte en tu viaje hacia la fluidez!<\/p>\t\t\t\t\t\t\t\t<\/div>\n\t\t\t\t<\/div>\n\t\t\t\t\t<\/div>\n\t\t<\/div>\n\t\t\t\t<div class=\"elementor-column elementor-col-25 elementor-top-column elementor-element elementor-element-54b49822\" data-id=\"54b49822\" data-element_type=\"column\" data-e-type=\"column\">\n\t\t\t<div class=\"elementor-widget-wrap\">\n\t\t\t\t\t\t\t<\/div>\n\t\t<\/div>\n\t\t\t\t\t<\/div>\n\t\t<\/section>\n\t\t\t\t<\/div>\n\t\t","protected":false},"excerpt":{"rendered":"<p>Dominio de los Casos en la Gram\u00e1tica Alemana En la gram\u00e1tica alemana, existen 4 casos, tambi\u00e9n conocidos como &#8222;Kasus&#8220; o &#8222;Fall&#8220;. Estos casos indican la relaci\u00f3n que guarda el sustantivo con las dem\u00e1s partes de la oraci\u00f3n. Cada caso desempe\u00f1a una funci\u00f3n espec\u00edfica, que se explicar\u00e1 m\u00e1s detalladamente en la tabla que aparece a continuaci\u00f3n.&hellip;&nbsp;<a href=\"https:\/\/alemanexpress.net\/index.php\/deklination\/\" class=\"\" rel=\"bookmark\">Weiterlesen &raquo;<span class=\"screen-reader-text\">Dominio de los Casos en la Gram\u00e1tica Alemana<\/span><\/a><\/p>\n","protected":false},"author":1,"featured_media":0,"parent":0,"menu_order":0,"comment_status":"closed","ping_status":"closed","template":"","meta":{"neve_meta_sidebar":"","neve_meta_container":"","neve_meta_enable_content_width":"","neve_meta_content_width":0,"neve_meta_title_alignment":"","neve_meta_author_avatar":"","neve_post_elements_order":"","neve_meta_disable_header":"","neve_meta_disable_footer":"","neve_meta_disable_title":"","footnotes":""},"class_list":["post-865","page","type-page","status-publish","hentry"],"aioseo_notices":[],"_links":{"self":[{"href":"https:\/\/alemanexpress.net\/index.php\/wp-json\/wp\/v2\/pages\/865","targetHints":{"allow":["GET"]}}],"collection":[{"href":"https:\/\/alemanexpress.net\/index.php\/wp-json\/wp\/v2\/pages"}],"about":[{"href":"https:\/\/alemanexpress.net\/index.php\/wp-json\/wp\/v2\/types\/page"}],"author":[{"embeddable":true,"href":"https:\/\/alemanexpress.net\/index.php\/wp-json\/wp\/v2\/users\/1"}],"replies":[{"embeddable":true,"href":"https:\/\/alemanexpress.net\/index.php\/wp-json\/wp\/v2\/comments?post=865"}],"version-history":[{"count":17,"href":"https:\/\/alemanexpress.net\/index.php\/wp-json\/wp\/v2\/pages\/865\/revisions"}],"predecessor-version":[{"id":1266,"href":"https:\/\/alemanexpress.net\/index.php\/wp-json\/wp\/v2\/pages\/865\/revisions\/1266"}],"wp:attachment":[{"href":"https:\/\/alemanexpress.net\/index.php\/wp-json\/wp\/v2\/media?parent=865"}],"curies":[{"name":"wp","href":"https:\/\/api.w.org\/{rel}","templated":true}]}}