{"id":793,"date":"2022-11-01T19:12:31","date_gmt":"2022-11-01T19:12:31","guid":{"rendered":"http:\/\/e-linguist.com\/?page_id=793"},"modified":"2023-10-09T21:13:45","modified_gmt":"2023-10-10T04:13:45","slug":"artikel","status":"publish","type":"page","link":"https:\/\/alemanexpress.net\/index.php\/artikel\/","title":{"rendered":"Domina el Genero de Substantivos Alem\u00e1nes: Der, Die, Das"},"content":{"rendered":"\t\t<div data-elementor-type=\"wp-page\" data-elementor-id=\"793\" class=\"elementor elementor-793\">\n\t\t\t\t\t\t<section class=\"elementor-section elementor-top-section elementor-element elementor-element-6e11fbbf elementor-section-full_width elementor-section-height-default elementor-section-height-default\" data-id=\"6e11fbbf\" data-element_type=\"section\" data-e-type=\"section\">\n\t\t\t\t\t\t<div class=\"elementor-container elementor-column-gap-default\">\n\t\t\t\t\t<div class=\"elementor-column elementor-col-100 elementor-top-column elementor-element elementor-element-3c2b1524\" data-id=\"3c2b1524\" data-element_type=\"column\" data-e-type=\"column\">\n\t\t\t<div class=\"elementor-widget-wrap elementor-element-populated\">\n\t\t\t\t\t\t<div class=\"elementor-element elementor-element-567af64a elementor-widget elementor-widget-heading\" data-id=\"567af64a\" data-element_type=\"widget\" data-e-type=\"widget\" data-widget_type=\"heading.default\">\n\t\t\t\t<div class=\"elementor-widget-container\">\n\t\t\t\t\t<h2 class=\"elementor-heading-title elementor-size-default\">Domina el Genus Alem\u00e1n: der, die , das<\/h2>\t\t\t\t<\/div>\n\t\t\t\t<\/div>\n\t\t\t\t\t<\/div>\n\t\t<\/div>\n\t\t\t\t\t<\/div>\n\t\t<\/section>\n\t\t\t\t<section class=\"elementor-section elementor-top-section elementor-element elementor-element-1bf8f3d1 elementor-section-boxed elementor-section-height-default elementor-section-height-default\" data-id=\"1bf8f3d1\" data-element_type=\"section\" data-e-type=\"section\">\n\t\t\t\t\t\t<div class=\"elementor-container elementor-column-gap-default\">\n\t\t\t\t\t<div class=\"elementor-column elementor-col-25 elementor-top-column elementor-element elementor-element-1eb15499\" data-id=\"1eb15499\" data-element_type=\"column\" data-e-type=\"column\">\n\t\t\t<div class=\"elementor-widget-wrap elementor-element-populated\">\n\t\t\t\t\t\t<div class=\"elementor-element elementor-element-6d95b5bf elementor-widget elementor-widget-nav-menu\" data-id=\"6d95b5bf\" data-element_type=\"widget\" data-e-type=\"widget\" data-widget_type=\"nav-menu.default\">\n\t\t\t\t<div class=\"elementor-widget-container\">\n\t\t\t\t\t \t\t\t\t<\/div>\n\t\t\t\t<\/div>\n\t\t\t\t\t<\/div>\n\t\t<\/div>\n\t\t\t\t<div class=\"elementor-column elementor-col-50 elementor-top-column elementor-element elementor-element-6b4f515f\" data-id=\"6b4f515f\" data-element_type=\"column\" data-e-type=\"column\">\n\t\t\t<div class=\"elementor-widget-wrap elementor-element-populated\">\n\t\t\t\t\t\t<div class=\"elementor-element elementor-element-3af90df elementor-widget elementor-widget-heading\" data-id=\"3af90df\" data-element_type=\"widget\" data-e-type=\"widget\" data-widget_type=\"heading.default\">\n\t\t\t\t<div class=\"elementor-widget-container\">\n\t\t\t\t\t<h4 class=\"elementor-heading-title elementor-size-default\">\u00bfQu\u00e9 es el Genus en Alem\u00e1n?\n<\/h4>\t\t\t\t<\/div>\n\t\t\t\t<\/div>\n\t\t\t\t<div class=\"elementor-element elementor-element-77af7d46 elementor-widget elementor-widget-text-editor\" data-id=\"77af7d46\" data-element_type=\"widget\" data-e-type=\"widget\" data-widget_type=\"text-editor.default\">\n\t\t\t\t<div class=\"elementor-widget-container\">\n\t\t\t\t\t\t\t\t\t<p>El g\u00e9nero gramatical alem\u00e1n, o Genus, es una caracter\u00edstica fundamental de los sustantivos en este idioma y es importante para la <a href=\"https:\/\/alemanexpress.net\/index.php\/deklination\/\">declinaci\u00f3n<\/a>. Cada sustantivo se clasifica en uno de tres g\u00e9neros: maskulinum (masculino), femininum (femenino) o neutrum (neutro). Es crucial tener en cuenta el g\u00e9nero correcto al declinar sustantivos en alem\u00e1n. Aqu\u00ed tienes una gu\u00eda r\u00e1pida para recordar los art\u00edculos definidos correspondientes:<\/p><p><a style=\"background-color: var( --e-global-color-c696dce ); font-family: var(--bodyfontfamily),var(--nv-fallback-ff); font-size: var(--bodyfontsize); letter-spacing: var(--bodyletterspacing); text-transform: var(--bodytexttransform);\" href=\"#der\"><span style=\"color: #187498;\">der<\/span> &#8211; m\u00e4nnlich (maskulinum)<\/a><br \/><a style=\"background-color: var( --e-global-color-c696dce ); font-family: var(--bodyfontfamily),var(--nv-fallback-ff); font-size: var(--bodyfontsize); letter-spacing: var(--bodyletterspacing); text-transform: var(--bodytexttransform);\" href=\"#die\"><span style=\"color: #eb5353;\">die<\/span> &#8211; weiblich (femininum)<\/a><br \/><a style=\"background-color: var( --e-global-color-c696dce ); font-family: var(--bodyfontfamily),var(--nv-fallback-ff); font-size: var(--bodyfontsize); letter-spacing: var(--bodyletterspacing); text-transform: var(--bodytexttransform);\" href=\"#das\"><span style=\"color: #65d6ce;\">das<\/span> &#8211; s\u00e4chlich (neutrum)<\/a><\/p>\t\t\t\t\t\t\t\t<\/div>\n\t\t\t\t<\/div>\n\t\t\t\t<div class=\"elementor-element elementor-element-e3d46ec elementor-position-inline-start elementor-view-default elementor-mobile-position-block-start elementor-widget elementor-widget-icon-box\" data-id=\"e3d46ec\" data-element_type=\"widget\" data-e-type=\"widget\" data-widget_type=\"icon-box.default\">\n\t\t\t\t<div class=\"elementor-widget-container\">\n\t\t\t\t\t\t\t<div class=\"elementor-icon-box-wrapper\">\n\n\t\t\t\t\t\t<div class=\"elementor-icon-box-icon\">\n\t\t\t\t<span  class=\"elementor-icon\">\n\t\t\t\t<i aria-hidden=\"true\" class=\"fas fa-exclamation\"><\/i>\t\t\t\t<\/span>\n\t\t\t<\/div>\n\t\t\t\n\t\t\t\t\t\t<div class=\"elementor-icon-box-content\">\n\n\t\t\t\t\n\t\t\t\t\t\t\t\t\t<p class=\"elementor-icon-box-description\">\n\t\t\t\t\t\t<b>\u00a1Recuerda que el plural es igual para todos los g\u00e9neros!<\/b>\t\t\t\t\t<\/p>\n\t\t\t\t\n\t\t\t<\/div>\n\t\t\t\n\t\t<\/div>\n\t\t\t\t\t\t<\/div>\n\t\t\t\t<\/div>\n\t\t\t\t<div class=\"elementor-element elementor-element-969e49d elementor-widget elementor-widget-heading\" data-id=\"969e49d\" data-element_type=\"widget\" data-e-type=\"widget\" data-widget_type=\"heading.default\">\n\t\t\t\t<div class=\"elementor-widget-container\">\n\t\t\t\t\t<h2 class=\"elementor-heading-title elementor-size-default\">C\u00f3mo Identificar el Genus de un Sustantivo\n<\/h2>\t\t\t\t<\/div>\n\t\t\t\t<\/div>\n\t\t\t\t<div class=\"elementor-element elementor-element-a335021 elementor-widget elementor-widget-text-editor\" data-id=\"a335021\" data-element_type=\"widget\" data-e-type=\"widget\" data-widget_type=\"text-editor.default\">\n\t\t\t\t<div class=\"elementor-widget-container\">\n\t\t\t\t\t\t\t\t\t<p>Identificar el Genus de un sustantivo en alem\u00e1n puede ser un desaf\u00edo, ya que no hay muchas reglas fijas. Por eso, recomendamos aprender todos los sustantivos junto con sus art\u00edculos (y sus plurales, si es necesario). Puedes usar colores o formas como ayuda mnemot\u00e9cnica.<\/p><p>Sin embargo, aqu\u00ed tienes algunos consejos \u00fatiles que pueden orientarte:<\/p>\t\t\t\t\t\t\t\t<\/div>\n\t\t\t\t<\/div>\n\t\t\t\t<section class=\"elementor-section elementor-inner-section elementor-element elementor-element-ef004eb elementor-section-boxed elementor-section-height-default elementor-section-height-default\" data-id=\"ef004eb\" data-element_type=\"section\" data-e-type=\"section\">\n\t\t\t\t\t\t<div class=\"elementor-container elementor-column-gap-default\">\n\t\t\t\t\t<div class=\"elementor-column elementor-col-100 elementor-inner-column elementor-element elementor-element-b6007eb\" data-id=\"b6007eb\" data-element_type=\"column\" data-e-type=\"column\">\n\t\t\t<div class=\"elementor-widget-wrap elementor-element-populated\">\n\t\t\t\t\t\t<div class=\"elementor-element elementor-element-2f03d6c elementor-widget elementor-widget-menu-anchor\" data-id=\"2f03d6c\" data-element_type=\"widget\" data-e-type=\"widget\" data-widget_type=\"menu-anchor.default\">\n\t\t\t\t<div class=\"elementor-widget-container\">\n\t\t\t\t\t\t\t<div class=\"elementor-menu-anchor\" id=\"der\"><\/div>\n\t\t\t\t\t\t<\/div>\n\t\t\t\t<\/div>\n\t\t\t\t<div class=\"elementor-element elementor-element-46e00bf6 elementor-widget elementor-widget-heading\" data-id=\"46e00bf6\" data-element_type=\"widget\" data-e-type=\"widget\" data-widget_type=\"heading.default\">\n\t\t\t\t<div class=\"elementor-widget-container\">\n\t\t\t\t\t<h5 class=\"elementor-heading-title elementor-size-default\">Sustantivos Masculinos (m\u00e4nnlich)<\/h5>\t\t\t\t<\/div>\n\t\t\t\t<\/div>\n\t\t\t\t<div class=\"elementor-element elementor-element-28f60742 elementor-widget elementor-widget-text-editor\" data-id=\"28f60742\" data-element_type=\"widget\" data-e-type=\"widget\" data-widget_type=\"text-editor.default\">\n\t\t\t\t<div class=\"elementor-widget-container\">\n\t\t\t\t\t\t\t\t\t<table class=\"table\"><tbody><tr><td><strong>personas masculinas<\/strong><\/td><td>der Onkel (el t\u00edo), der Vater (el padre)<\/td><\/tr><tr><td><strong>Profesiones masculinas<\/strong><\/td><td>der Polizist (el polic\u00eda), der Angestellter (el empleado)<\/td><\/tr><tr><td><strong>Estaciones del a\u00f1o<\/strong><\/td><td>der Winter (el invierno), der Sommer (el verano)<\/td><\/tr><tr><td><strong>Meses<\/strong><\/td><td>der Januar (enero), der Februar (febrero)<\/td><\/tr><tr><td><strong>D\u00edas de la semana<\/strong><\/td><td>der Montag (lunes), der Freitag (viernes)<\/td><\/tr><tr><td><strong>Puntos cardinales<\/strong><\/td><td>der Norden (norte), der Westen (oeste)<\/td><\/tr><tr><td><strong>Clima:<\/strong><\/td><td>der Regen (lluvia), der Schnee (nieve)<\/td><\/tr><tr><td><strong>Bebidas alcoh\u00f3licas:<\/strong><\/td><td>der Wein (vino), der Schnaps (aguardiente)<br \/>(excepci\u00f3n: das Bier)<\/td><\/tr><tr><td><strong>Terminaci\u00f3n -ling, -ismus<\/strong><\/td><td>der Findling, der Alkoholismus<\/td><\/tr><\/tbody><\/table><p>F\u00edjate en las siguientes terminaciones que a menudo indican sustantivos masculinos:<br \/><b> -er, -ist, -or, -ig<\/b><\/p>\t\t\t\t\t\t\t\t<\/div>\n\t\t\t\t<\/div>\n\t\t\t\t\t<\/div>\n\t\t<\/div>\n\t\t\t\t\t<\/div>\n\t\t<\/section>\n\t\t\t\t<section class=\"elementor-section elementor-inner-section elementor-element elementor-element-3d46e69 elementor-section-boxed elementor-section-height-default elementor-section-height-default\" data-id=\"3d46e69\" data-element_type=\"section\" data-e-type=\"section\">\n\t\t\t\t\t\t<div class=\"elementor-container elementor-column-gap-default\">\n\t\t\t\t\t<div class=\"elementor-column elementor-col-100 elementor-inner-column elementor-element elementor-element-c8d653c\" data-id=\"c8d653c\" data-element_type=\"column\" data-e-type=\"column\">\n\t\t\t<div class=\"elementor-widget-wrap elementor-element-populated\">\n\t\t\t\t\t\t<div class=\"elementor-element elementor-element-5a1be22 elementor-widget elementor-widget-menu-anchor\" data-id=\"5a1be22\" data-element_type=\"widget\" data-e-type=\"widget\" data-widget_type=\"menu-anchor.default\">\n\t\t\t\t<div class=\"elementor-widget-container\">\n\t\t\t\t\t\t\t<div class=\"elementor-menu-anchor\" id=\"die\"><\/div>\n\t\t\t\t\t\t<\/div>\n\t\t\t\t<\/div>\n\t\t\t\t<div class=\"elementor-element elementor-element-4777ad4 elementor-widget elementor-widget-heading\" data-id=\"4777ad4\" data-element_type=\"widget\" data-e-type=\"widget\" data-widget_type=\"heading.default\">\n\t\t\t\t<div class=\"elementor-widget-container\">\n\t\t\t\t\t<h5 class=\"elementor-heading-title elementor-size-default\">Sustantivos Femeninos (weiblich)<\/h5>\t\t\t\t<\/div>\n\t\t\t\t<\/div>\n\t\t\t\t<div class=\"elementor-element elementor-element-00d6681 elementor-widget elementor-widget-text-editor\" data-id=\"00d6681\" data-element_type=\"widget\" data-e-type=\"widget\" data-widget_type=\"text-editor.default\">\n\t\t\t\t<div class=\"elementor-widget-container\">\n\t\t\t\t\t\t\t\t\t<table class=\"table\"><tbody><tr><td><b>N\u00fameros<\/b><\/td><td>die Eins (1), die Zehn (10)<\/td><\/tr><tr><td><b>Personas femeninas<\/b><\/td><td>die Frau (mujer), die Tochter (hija)<br \/>(excepci\u00f3n: das Weib, das M\u00e4dchen (ni\u00f1a))<\/td><\/tr><tr><td><b><strong>Terminaci\u00f3n <\/strong>-ung<\/b><\/td><td>die Erholung, die Erinnerung<\/td><\/tr><tr><td><b><strong>Terminaci\u00f3n <\/strong>-tion<\/b><\/td><td>die Intuition, die Nation<\/td><\/tr><tr><td><b><strong>Terminaci\u00f3n<\/strong> -keit<\/b><\/td><td>die Heiterkeit, die Ehrlichkeit<\/td><\/tr><tr><td><b><strong>Terminaci\u00f3n<\/strong> -heit<\/b><\/td><td>die Freiheit, die Menschheit<\/td><\/tr><tr><td><b><strong>Terminaci\u00f3n<\/strong> -schaft<\/b><\/td><td>die Freundschaft, die Erbschaft<\/td><\/tr><\/tbody><\/table><p>F\u00edjate en las siguientes terminaciones que a menudo indican sustantivos femeninos: <br \/><b>-e , -t, -ei, -ie, -in, -age, -ur, -ik, -anz, -taet, -ade, -enz<\/b><\/p>\t\t\t\t\t\t\t\t<\/div>\n\t\t\t\t<\/div>\n\t\t\t\t\t<\/div>\n\t\t<\/div>\n\t\t\t\t\t<\/div>\n\t\t<\/section>\n\t\t\t\t<section class=\"elementor-section elementor-inner-section elementor-element elementor-element-39cc67f elementor-section-boxed elementor-section-height-default elementor-section-height-default\" data-id=\"39cc67f\" data-element_type=\"section\" data-e-type=\"section\">\n\t\t\t\t\t\t<div class=\"elementor-container elementor-column-gap-default\">\n\t\t\t\t\t<div class=\"elementor-column elementor-col-100 elementor-inner-column elementor-element elementor-element-9e36774\" data-id=\"9e36774\" data-element_type=\"column\" data-e-type=\"column\">\n\t\t\t<div class=\"elementor-widget-wrap elementor-element-populated\">\n\t\t\t\t\t\t<div class=\"elementor-element elementor-element-f706264 elementor-widget elementor-widget-menu-anchor\" data-id=\"f706264\" data-element_type=\"widget\" data-e-type=\"widget\" data-widget_type=\"menu-anchor.default\">\n\t\t\t\t<div class=\"elementor-widget-container\">\n\t\t\t\t\t\t\t<div class=\"elementor-menu-anchor\" id=\"das\"><\/div>\n\t\t\t\t\t\t<\/div>\n\t\t\t\t<\/div>\n\t\t\t\t<div class=\"elementor-element elementor-element-75b3027 elementor-widget elementor-widget-heading\" data-id=\"75b3027\" data-element_type=\"widget\" data-e-type=\"widget\" data-widget_type=\"heading.default\">\n\t\t\t\t<div class=\"elementor-widget-container\">\n\t\t\t\t\t<h5 class=\"elementor-heading-title elementor-size-default\">Sustantivos neutros (s\u00e4chliche)<\/h5>\t\t\t\t<\/div>\n\t\t\t\t<\/div>\n\t\t\t\t<div class=\"elementor-element elementor-element-cb3c08d elementor-widget elementor-widget-text-editor\" data-id=\"cb3c08d\" data-element_type=\"widget\" data-e-type=\"widget\" data-widget_type=\"text-editor.default\">\n\t\t\t\t<div class=\"elementor-widget-container\">\n\t\t\t\t\t\t\t\t\t<p>Folgende Substantive sind neutral:<\/p>\t\t\t\t\t\t\t\t<\/div>\n\t\t\t\t<\/div>\n\t\t\t\t<div class=\"elementor-element elementor-element-08f5296 elementor-widget elementor-widget-text-editor\" data-id=\"08f5296\" data-element_type=\"widget\" data-e-type=\"widget\" data-widget_type=\"text-editor.default\">\n\t\t\t\t<div class=\"elementor-widget-container\">\n\t\t\t\t\t\t\t\t\t<table class=\"table\"><tbody><tr><td><b>Letras del alfabeto<\/b><\/td><td>das A, das O<\/td><\/tr><tr><td><b>Colores<\/b><\/td><td>das Rot (rojo), das Gelb (amarillo)<\/td><\/tr><tr><td><b>Sustantivos derivados de verbos<\/b><\/td><td>das Lesen (el leer), das Schwimmen (el nadar)<\/td><\/tr><tr><td><b>Sustantivos derivados de adjetivo*<\/b><\/td><td>das Neueste (lo m\u00e1s nuevo), das Gute (lo bueno)<\/td><\/tr><tr><td><b><strong>Terminaci\u00f3n<\/strong> -chen<\/b><\/td><td>das M\u00e4dchen, das H\u00e4uschen (la casita)<\/td><\/tr><tr><td><b><strong>Terminaci\u00f3n<\/strong> -lein<\/b><\/td><td>das Kindlein (el ninito), das Fr\u00e4ulein (senorita)<\/td><\/tr><tr><td><b><strong>Terminaci\u00f3n<\/strong> -ment<\/b><\/td><td>das Experiment (experimento), die Segment (segmento)<\/td><\/tr><\/tbody><\/table><p><small>*cuando el adjetivo no se refiere a una persona<\/small><\/p><p>F\u00edjate en las siguientes terminaciones que a menudo indican sustantivos neutros:<br \/><b>-nis, -tum,\u00a0<\/b><\/p>\t\t\t\t\t\t\t\t<\/div>\n\t\t\t\t<\/div>\n\t\t\t\t\t<\/div>\n\t\t<\/div>\n\t\t\t\t\t<\/div>\n\t\t<\/section>\n\t\t\t\t<section class=\"elementor-section elementor-inner-section elementor-element elementor-element-a42afd2 elementor-section-boxed elementor-section-height-default elementor-section-height-default\" data-id=\"a42afd2\" data-element_type=\"section\" data-e-type=\"section\">\n\t\t\t\t\t\t<div class=\"elementor-container elementor-column-gap-default\">\n\t\t\t\t\t<div class=\"elementor-column elementor-col-100 elementor-inner-column elementor-element elementor-element-d562f6f\" data-id=\"d562f6f\" data-element_type=\"column\" data-e-type=\"column\">\n\t\t\t<div class=\"elementor-widget-wrap elementor-element-populated\">\n\t\t\t\t\t\t<div class=\"elementor-element elementor-element-4617667 elementor-widget elementor-widget-heading\" data-id=\"4617667\" data-element_type=\"widget\" data-e-type=\"widget\" data-widget_type=\"heading.default\">\n\t\t\t\t<div class=\"elementor-widget-container\">\n\t\t\t\t\t<h5 class=\"elementor-heading-title elementor-size-default\">\u00a1Cuidado con las Excepciones!<\/h5>\t\t\t\t<\/div>\n\t\t\t\t<\/div>\n\t\t\t\t<div class=\"elementor-element elementor-element-0c918bc elementor-widget elementor-widget-text-editor\" data-id=\"0c918bc\" data-element_type=\"widget\" data-e-type=\"widget\" data-widget_type=\"text-editor.default\">\n\t\t\t\t<div class=\"elementor-widget-container\">\n\t\t\t\t\t\t\t\t\t<p>En alem\u00e1n, siempre hay algunas palabras que rompen las reglas. Estas se llaman hom\u00f3nimos. Por ejemplo:<\/p><p><b>der <\/b>Joghurt, <b>das <\/b>Joghurt<br \/><b>der <\/b>Pudding, <b>das <\/b>Pudding<br \/><b>der <\/b>Poster, <b>das <\/b>Poster<br \/><b>der <\/b>Pyjama, <b>das <\/b>Pyjama<br \/><b>der <\/b>Marzipan, <b>das <\/b>Marzipan<br \/><b>der <\/b>Ketchup, <b>das <\/b>Ketchup<br \/><b>der <\/b>Virus, <b>das <\/b>Virus<br \/><b>der <\/b>Schnipsel, <b>das <\/b>Schnipsel<\/p><p>Algunos sustantivos <strong>cambian de significado<\/strong> seg\u00fan el art\u00edculo que los precede:<\/p><p><strong>der Teil | das Teil<\/strong> (la parte \/ el objeto )<br \/><strong>der See | die See<\/strong> (el lago \/ el mar)<br \/><strong>der Schild | das Schild<\/strong> (el escudo \/ el senal)<br \/><strong>der Kiefer | die Kiefer<\/strong> (la mandibula \/ el pino)<br \/><strong>das Steuer | die Steuer<\/strong> (el volante \/ el impuesto)<\/p><h5><span style=\"font-weight: bold;\">Los 3 Generi<\/span>:<\/h5><p><strong>der Band | das Band | die Band<\/strong>\u00a0 (el volumen \/ la cinta \/ la banda de musica)<\/p>\t\t\t\t\t\t\t\t<\/div>\n\t\t\t\t<\/div>\n\t\t\t\t\t<\/div>\n\t\t<\/div>\n\t\t\t\t\t<\/div>\n\t\t<\/section>\n\t\t\t\t\t<\/div>\n\t\t<\/div>\n\t\t\t\t<div class=\"elementor-column elementor-col-25 elementor-top-column elementor-element elementor-element-7285b24c\" data-id=\"7285b24c\" data-element_type=\"column\" data-e-type=\"column\">\n\t\t\t<div class=\"elementor-widget-wrap\">\n\t\t\t\t\t\t\t<\/div>\n\t\t<\/div>\n\t\t\t\t\t<\/div>\n\t\t<\/section>\n\t\t<div class=\"elementor-element elementor-element-77c1809 e-flex e-con-boxed e-con e-parent\" data-id=\"77c1809\" data-element_type=\"container\" data-e-type=\"container\">\n\t\t\t\t\t<div class=\"e-con-inner\">\n\t\t<div class=\"elementor-element elementor-element-ebf07b2 e-con-full e-flex e-con e-child\" data-id=\"ebf07b2\" data-element_type=\"container\" data-e-type=\"container\">\n\t\t\t\t<\/div>\n\t\t<div class=\"elementor-element elementor-element-89bfe62 e-con-full e-flex e-con e-child\" data-id=\"89bfe62\" data-element_type=\"container\" data-e-type=\"container\">\n\t\t\t\t<div class=\"elementor-element elementor-element-0399dd4 elementor-widget elementor-widget-heading\" data-id=\"0399dd4\" data-element_type=\"widget\" data-e-type=\"widget\" data-widget_type=\"heading.default\">\n\t\t\t\t<div class=\"elementor-widget-container\">\n\t\t\t\t\t<h4 class=\"elementor-heading-title elementor-size-default\">Practica y Conquista el Genus Alem\u00e1n!<\/h4>\t\t\t\t<\/div>\n\t\t\t\t<\/div>\n\t\t\t\t<div class=\"elementor-element elementor-element-3f12b5f elementor-widget elementor-widget-text-editor\" data-id=\"3f12b5f\" data-element_type=\"widget\" data-e-type=\"widget\" data-widget_type=\"text-editor.default\">\n\t\t\t\t<div class=\"elementor-widget-container\">\n\t\t\t\t\t\t\t\t\t<p>La gram\u00e1tica alemana puede parecer complicada al principio, pero con la pr\u00e1ctica y estos consejos, estar\u00e1s un paso m\u00e1s cerca de dominarla. Aseg\u00farate de explorar los ejercicios que ofrecemos en esta p\u00e1gina para fortalecer tus habilidades.<\/p>\n<p>As\u00ed que, \u00a1adelante! \u00a1Domina el Genus alem\u00e1n y habla con confianza en alem\u00e1n!<\/p>\t\t\t\t\t\t\t\t<\/div>\n\t\t\t\t<\/div>\n\t\t\t\t<\/div>\n\t\t<div class=\"elementor-element elementor-element-038212c e-con-full e-flex e-con e-child\" data-id=\"038212c\" data-element_type=\"container\" data-e-type=\"container\">\n\t\t\t\t<\/div>\n\t\t\t\t\t<\/div>\n\t\t\t\t<\/div>\n\t\t<div class=\"elementor-element elementor-element-664b4c8 e-flex e-con-boxed e-con e-parent\" data-id=\"664b4c8\" data-element_type=\"container\" data-e-type=\"container\">\n\t\t\t\t\t<div class=\"e-con-inner\">\n\t\t<div class=\"elementor-element elementor-element-d0be4ae e-con-full e-flex e-con e-child\" data-id=\"d0be4ae\" data-element_type=\"container\" data-e-type=\"container\">\n\t\t\t\t<\/div>\n\t\t<div class=\"elementor-element elementor-element-af4d643 e-con-full e-flex e-con e-child\" data-id=\"af4d643\" data-element_type=\"container\" data-e-type=\"container\">\n\t\t\t\t<div class=\"elementor-element elementor-element-8b402d7 elementor-widget elementor-widget-text-editor\" data-id=\"8b402d7\" data-element_type=\"widget\" data-e-type=\"widget\" data-widget_type=\"text-editor.default\">\n\t\t\t\t<div class=\"elementor-widget-container\">\n\t\t\t\t\t\t\t\t\t<h5><strong>Ejercicio:<\/strong><\/h5><p><strong>Entrenador de art\u00edculos<\/strong><\/p><div class=\"h5p-iframe-wrapper\"><iframe id=\"h5p-iframe-1\" class=\"h5p-iframe\" data-content-id=\"1\" style=\"height:1px\" src=\"about:blank\" frameBorder=\"0\" scrolling=\"no\" title=\"Artikeltrainer\"><\/iframe><\/div>\t\t\t\t\t\t\t\t<\/div>\n\t\t\t\t<\/div>\n\t\t\t\t<\/div>\n\t\t<div class=\"elementor-element elementor-element-d23f735 e-con-full e-flex e-con e-child\" data-id=\"d23f735\" data-element_type=\"container\" data-e-type=\"container\">\n\t\t\t\t<\/div>\n\t\t\t\t\t<\/div>\n\t\t\t\t<\/div>\n\t\t\t\t<\/div>\n\t\t","protected":false},"excerpt":{"rendered":"<p>Domina el Genus Alem\u00e1n: der, die , das \u00bfQu\u00e9 es el Genus en Alem\u00e1n? El g\u00e9nero gramatical alem\u00e1n, o Genus, es una caracter\u00edstica fundamental de los sustantivos en este idioma y es importante para la declinaci\u00f3n. Cada sustantivo se clasifica en uno de tres g\u00e9neros: maskulinum (masculino), femininum (femenino) o neutrum (neutro). Es crucial tener&hellip;&nbsp;<a href=\"https:\/\/alemanexpress.net\/index.php\/artikel\/\" class=\"\" rel=\"bookmark\">Weiterlesen &raquo;<span class=\"screen-reader-text\">Domina el Genero de Substantivos Alem\u00e1nes: Der, Die, Das<\/span><\/a><\/p>\n","protected":false},"author":1,"featured_media":0,"parent":0,"menu_order":0,"comment_status":"closed","ping_status":"closed","template":"","meta":{"neve_meta_sidebar":"","neve_meta_container":"","neve_meta_enable_content_width":"","neve_meta_content_width":0,"neve_meta_title_alignment":"","neve_meta_author_avatar":"","neve_post_elements_order":"","neve_meta_disable_header":"","neve_meta_disable_footer":"","neve_meta_disable_title":"","footnotes":""},"class_list":["post-793","page","type-page","status-publish","hentry"],"aioseo_notices":[],"_links":{"self":[{"href":"https:\/\/alemanexpress.net\/index.php\/wp-json\/wp\/v2\/pages\/793","targetHints":{"allow":["GET"]}}],"collection":[{"href":"https:\/\/alemanexpress.net\/index.php\/wp-json\/wp\/v2\/pages"}],"about":[{"href":"https:\/\/alemanexpress.net\/index.php\/wp-json\/wp\/v2\/types\/page"}],"author":[{"embeddable":true,"href":"https:\/\/alemanexpress.net\/index.php\/wp-json\/wp\/v2\/users\/1"}],"replies":[{"embeddable":true,"href":"https:\/\/alemanexpress.net\/index.php\/wp-json\/wp\/v2\/comments?post=793"}],"version-history":[{"count":46,"href":"https:\/\/alemanexpress.net\/index.php\/wp-json\/wp\/v2\/pages\/793\/revisions"}],"predecessor-version":[{"id":1443,"href":"https:\/\/alemanexpress.net\/index.php\/wp-json\/wp\/v2\/pages\/793\/revisions\/1443"}],"wp:attachment":[{"href":"https:\/\/alemanexpress.net\/index.php\/wp-json\/wp\/v2\/media?parent=793"}],"curies":[{"name":"wp","href":"https:\/\/api.w.org\/{rel}","templated":true}]}}