{"id":618,"date":"2022-10-03T17:27:34","date_gmt":"2022-10-03T17:27:34","guid":{"rendered":"http:\/\/e-linguist.com\/?page_id=618"},"modified":"2023-10-07T18:35:17","modified_gmt":"2023-10-08T01:35:17","slug":"hilfsverben","status":"publish","type":"page","link":"https:\/\/alemanexpress.net\/index.php\/hilfsverben\/","title":{"rendered":"Explorando las Verbos Auxiliares Alemanes"},"content":{"rendered":"\t\t<div data-elementor-type=\"wp-page\" data-elementor-id=\"618\" class=\"elementor elementor-618\">\n\t\t\t\t\t\t<section class=\"elementor-section elementor-top-section elementor-element elementor-element-63991ee9 elementor-section-full_width elementor-section-height-default elementor-section-height-default\" data-id=\"63991ee9\" data-element_type=\"section\" data-e-type=\"section\">\n\t\t\t\t\t\t<div class=\"elementor-container elementor-column-gap-default\">\n\t\t\t\t\t<div class=\"elementor-column elementor-col-100 elementor-top-column elementor-element elementor-element-4b756579\" data-id=\"4b756579\" data-element_type=\"column\" data-e-type=\"column\">\n\t\t\t<div class=\"elementor-widget-wrap elementor-element-populated\">\n\t\t\t\t\t\t<div class=\"elementor-element elementor-element-1a34fcfa elementor-widget elementor-widget-heading\" data-id=\"1a34fcfa\" data-element_type=\"widget\" data-e-type=\"widget\" data-widget_type=\"heading.default\">\n\t\t\t\t<div class=\"elementor-widget-container\">\n\t\t\t\t\t<h4 class=\"elementor-heading-title elementor-size-default\"><br>El Tr\u00edo de Poder de los Verbos - sein, haben &amp; werden<\/h4>\t\t\t\t<\/div>\n\t\t\t\t<\/div>\n\t\t\t\t\t<\/div>\n\t\t<\/div>\n\t\t\t\t\t<\/div>\n\t\t<\/section>\n\t\t\t\t<section class=\"elementor-section elementor-top-section elementor-element elementor-element-48273843 elementor-section-boxed elementor-section-height-default elementor-section-height-default\" data-id=\"48273843\" data-element_type=\"section\" data-e-type=\"section\">\n\t\t\t\t\t\t<div class=\"elementor-container elementor-column-gap-default\">\n\t\t\t\t\t<div class=\"elementor-column elementor-col-25 elementor-top-column elementor-element elementor-element-4f3aa26b\" data-id=\"4f3aa26b\" data-element_type=\"column\" data-e-type=\"column\">\n\t\t\t<div class=\"elementor-widget-wrap elementor-element-populated\">\n\t\t\t\t\t\t<div class=\"elementor-element elementor-element-52158c7d elementor-widget elementor-widget-nav-menu\" data-id=\"52158c7d\" data-element_type=\"widget\" data-e-type=\"widget\" data-widget_type=\"nav-menu.default\">\n\t\t\t\t<div class=\"elementor-widget-container\">\n\t\t\t\t\t \t\t\t\t<\/div>\n\t\t\t\t<\/div>\n\t\t\t\t\t<\/div>\n\t\t<\/div>\n\t\t\t\t<div class=\"elementor-column elementor-col-50 elementor-top-column elementor-element elementor-element-4a90ced5\" data-id=\"4a90ced5\" data-element_type=\"column\" data-e-type=\"column\">\n\t\t\t<div class=\"elementor-widget-wrap elementor-element-populated\">\n\t\t\t\t\t\t<section class=\"elementor-section elementor-inner-section elementor-element elementor-element-ed36233 elementor-section-boxed elementor-section-height-default elementor-section-height-default\" data-id=\"ed36233\" data-element_type=\"section\" data-e-type=\"section\">\n\t\t\t\t\t\t<div class=\"elementor-container elementor-column-gap-default\">\n\t\t\t\t\t<div class=\"elementor-column elementor-col-100 elementor-inner-column elementor-element elementor-element-b9a0016\" data-id=\"b9a0016\" data-element_type=\"column\" data-e-type=\"column\">\n\t\t\t<div class=\"elementor-widget-wrap elementor-element-populated\">\n\t\t\t\t\t\t<div class=\"elementor-element elementor-element-5c43f9d elementor-widget elementor-widget-text-editor\" data-id=\"5c43f9d\" data-element_type=\"widget\" data-e-type=\"widget\" data-widget_type=\"text-editor.default\">\n\t\t\t\t<div class=\"elementor-widget-container\">\n\t\t\t\t\t\t\t\t\t<p>Si eres un entusiasta de aprender alem\u00e1n, seguramente te has topado con estos tres verbos cruciales:<strong> sein, haben y werden.<\/strong> Pero, \u00bfsab\u00edas que estos verbos son verdaderamente multifac\u00e9ticos? En este art\u00edculo, te desvelaremos todos sus secretos y c\u00f3mo pueden elevar tu dominio del idioma alem\u00e1n.<\/p>\t\t\t\t\t\t\t\t<\/div>\n\t\t\t\t<\/div>\n\t\t\t\t<div class=\"elementor-element elementor-element-2aa432b elementor-widget elementor-widget-heading\" data-id=\"2aa432b\" data-element_type=\"widget\" data-e-type=\"widget\" data-widget_type=\"heading.default\">\n\t\t\t\t<div class=\"elementor-widget-container\">\n\t\t\t\t\t<h4 class=\"elementor-heading-title elementor-size-default\">\u00bfQu\u00e9 son sein, haben y werden?<\/h4>\t\t\t\t<\/div>\n\t\t\t\t<\/div>\n\t\t\t\t<div class=\"elementor-element elementor-element-227590c2 elementor-widget elementor-widget-text-editor\" data-id=\"227590c2\" data-element_type=\"widget\" data-e-type=\"widget\" data-widget_type=\"text-editor.default\">\n\t\t\t\t<div class=\"elementor-widget-container\">\n\t\t\t\t\t\t\t\t\t<h5>Como Verbos Principales<\/h5><p>Primero, debemos entender que, adem\u00e1s de su funci\u00f3n como <strong>auxiliares<\/strong>, estos verbos tienen sus <strong>propias significados<\/strong> cuando se utilizan como verbos principales.<\/p><ul><li><p><strong>sein (ser\/estar)<\/strong>: Este verbo abarca tanto &#8222;ser&#8220; como &#8222;estar&#8220; en espa\u00f1ol. Dependiendo del contexto, puede indicar la identidad o el estado de algo o alguien.<\/p><\/li><li><p><strong>haben (tener)<\/strong>: Aqu\u00ed, tenemos un t\u00e9rmino que todos conocemos bien: &#8222;tener&#8220;. Se usa para expresar posesi\u00f3n o propiedad.<\/p><\/li><li><p><strong>werden (convertirse en)<\/strong>: &#8222;Convertirse en&#8220; es la clave aqu\u00ed. Este verbo se utiliza para describir procesos de cambio o transformaci\u00f3n.<\/p><\/li><\/ul><p>Es gibt 3 Hilfsverben im Deutschen.<span translate=\"no\"> <b>sein, haben <\/b><\/span>und<span translate=\"no\"> <b>werden<\/b><\/span>.<\/p><p>Alle 3 Verben haben auch eine Funktion als Vollverben mit ihrer eigenen Bedeutung. Als Hilfsverben HELFEN sie Zeitformen zu bilden. In Verbindung mit einem Vollverb werden sie gebraucht, um <strong>Zeit<\/strong>, W\u00fcnsche wie im <strong>Konjunktiv II<\/strong> oder das <strong>Passiv<\/strong> auszudr\u00fccken.<\/p>\t\t\t\t\t\t\t\t<\/div>\n\t\t\t\t<\/div>\n\t\t\t\t\t<\/div>\n\t\t<\/div>\n\t\t\t\t\t<\/div>\n\t\t<\/section>\n\t\t\t\t<div class=\"elementor-element elementor-element-2ea8548 elementor-widget elementor-widget-heading\" data-id=\"2ea8548\" data-element_type=\"widget\" data-e-type=\"widget\" data-widget_type=\"heading.default\">\n\t\t\t\t<div class=\"elementor-widget-container\">\n\t\t\t\t\t<h5 class=\"elementor-heading-title elementor-size-default\">Como Verbos Auxiliares<\/h5>\t\t\t\t<\/div>\n\t\t\t\t<\/div>\n\t\t\t\t<div class=\"elementor-element elementor-element-5f0f781 elementor-widget elementor-widget-text-editor\" data-id=\"5f0f781\" data-element_type=\"widget\" data-e-type=\"widget\" data-widget_type=\"text-editor.default\">\n\t\t\t\t<div class=\"elementor-widget-container\">\n\t\t\t\t\t\t\t\t\t<p>Ahora, vamos a sumergirnos en el aspecto gramatical. Estos tres verbos desempe\u00f1an un papel esencial en la formaci\u00f3n de diferentes tiempos verbales en alem\u00e1n y tambi\u00e9n se utilizan en otras situaciones importantes. <br \/>Aqu\u00ed tienes un desglose:<\/p>\t\t\t\t\t\t\t\t<\/div>\n\t\t\t\t<\/div>\n\t\t\t\t<section class=\"elementor-section elementor-inner-section elementor-element elementor-element-ad36d5f elementor-section-boxed elementor-section-height-default elementor-section-height-default\" data-id=\"ad36d5f\" data-element_type=\"section\" data-e-type=\"section\">\n\t\t\t\t\t\t<div class=\"elementor-container elementor-column-gap-default\">\n\t\t\t\t\t<div class=\"elementor-column elementor-col-100 elementor-inner-column elementor-element elementor-element-d6856aa\" data-id=\"d6856aa\" data-element_type=\"column\" data-e-type=\"column\">\n\t\t\t<div class=\"elementor-widget-wrap elementor-element-populated\">\n\t\t\t\t\t\t<div class=\"elementor-element elementor-element-c51ad30 elementor-widget elementor-widget-accordion\" data-id=\"c51ad30\" data-element_type=\"widget\" data-e-type=\"widget\" data-widget_type=\"accordion.default\">\n\t\t\t\t<div class=\"elementor-widget-container\">\n\t\t\t\t\t\t\t<div class=\"elementor-accordion\">\n\t\t\t\t\t\t\t<div class=\"elementor-accordion-item\">\n\t\t\t\t\t<div id=\"elementor-tab-title-2061\" class=\"elementor-tab-title\" data-tab=\"1\" role=\"button\" aria-controls=\"elementor-tab-content-2061\" aria-expanded=\"false\">\n\t\t\t\t\t\t\t\t\t\t\t\t\t<span class=\"elementor-accordion-icon elementor-accordion-icon-left\" aria-hidden=\"true\">\n\t\t\t\t\t\t\t\t\t\t\t\t\t\t\t<span class=\"elementor-accordion-icon-closed\"><i class=\"fas fa-plus\"><\/i><\/span>\n\t\t\t\t\t\t\t\t<span class=\"elementor-accordion-icon-opened\"><i class=\"fas fa-minus\"><\/i><\/span>\n\t\t\t\t\t\t\t\t\t\t\t\t\t\t<\/span>\n\t\t\t\t\t\t\t\t\t\t\t\t<a class=\"elementor-accordion-title\" tabindex=\"0\">Perfekt<\/a>\n\t\t\t\t\t<\/div>\n\t\t\t\t\t<div id=\"elementor-tab-content-2061\" class=\"elementor-tab-content elementor-clearfix\" data-tab=\"1\" role=\"region\" aria-labelledby=\"elementor-tab-title-2061\"><p><span translate=\"no\"><strong>sein (en presente + participio II)<\/strong>:<br \/><\/span>Ich <strong>bin<\/strong> gegangen<span style=\"font-size: 16px;\">\u00a0<\/span><small><br \/>(He ido)<\/small><\/p><p><strong>haben (en presente + participio II)<br \/><\/strong><span translate=\"no\">Er <strong>hat<\/strong> ein Auto <strong>gekauft<\/strong>.<br \/><small>(Ha comprado un coche)<\/small><\/span><\/p><\/div>\n\t\t\t\t<\/div>\n\t\t\t\t\t\t\t<div class=\"elementor-accordion-item\">\n\t\t\t\t\t<div id=\"elementor-tab-title-2062\" class=\"elementor-tab-title\" data-tab=\"2\" role=\"button\" aria-controls=\"elementor-tab-content-2062\" aria-expanded=\"false\">\n\t\t\t\t\t\t\t\t\t\t\t\t\t<span class=\"elementor-accordion-icon elementor-accordion-icon-left\" aria-hidden=\"true\">\n\t\t\t\t\t\t\t\t\t\t\t\t\t\t\t<span class=\"elementor-accordion-icon-closed\"><i class=\"fas fa-plus\"><\/i><\/span>\n\t\t\t\t\t\t\t\t<span class=\"elementor-accordion-icon-opened\"><i class=\"fas fa-minus\"><\/i><\/span>\n\t\t\t\t\t\t\t\t\t\t\t\t\t\t<\/span>\n\t\t\t\t\t\t\t\t\t\t\t\t<a class=\"elementor-accordion-title\" tabindex=\"0\">Plusquamperfekt<\/a>\n\t\t\t\t\t<\/div>\n\t\t\t\t\t<div id=\"elementor-tab-content-2062\" class=\"elementor-tab-content elementor-clearfix\" data-tab=\"2\" role=\"region\" aria-labelledby=\"elementor-tab-title-2062\"><span translate=\"no\"><strong>sein (en preterito + participio II):<\/strong>\nIch <strong>war <\/strong>gegangen\n<small>(hab\u00eda ido)<\/small>\n<\/span>\n\n<span translate=\"no\"><strong>haben (en preterito + participio II)<\/strong>\nEr <strong>hatte<\/strong> ein Auto <strong>gekauft\n<\/strong><small>(hab\u00eda comprado un coche)<\/small><\/span><\/div>\n\t\t\t\t<\/div>\n\t\t\t\t\t\t\t<div class=\"elementor-accordion-item\">\n\t\t\t\t\t<div id=\"elementor-tab-title-2063\" class=\"elementor-tab-title\" data-tab=\"3\" role=\"button\" aria-controls=\"elementor-tab-content-2063\" aria-expanded=\"false\">\n\t\t\t\t\t\t\t\t\t\t\t\t\t<span class=\"elementor-accordion-icon elementor-accordion-icon-left\" aria-hidden=\"true\">\n\t\t\t\t\t\t\t\t\t\t\t\t\t\t\t<span class=\"elementor-accordion-icon-closed\"><i class=\"fas fa-plus\"><\/i><\/span>\n\t\t\t\t\t\t\t\t<span class=\"elementor-accordion-icon-opened\"><i class=\"fas fa-minus\"><\/i><\/span>\n\t\t\t\t\t\t\t\t\t\t\t\t\t\t<\/span>\n\t\t\t\t\t\t\t\t\t\t\t\t<a class=\"elementor-accordion-title\" tabindex=\"0\">Futur I:<\/a>\n\t\t\t\t\t<\/div>\n\t\t\t\t\t<div id=\"elementor-tab-content-2063\" class=\"elementor-tab-content elementor-clearfix\" data-tab=\"3\" role=\"region\" aria-labelledby=\"elementor-tab-title-2063\"><span translate=\"no\"><strong>werden (en presente + Infinitivo):<\/strong>\nIch <strong>werde<\/strong> n\u00e4chstes Jahr mein Studium <strong>abschlie\u00dfen<\/strong>.\n<small>(Terminar\u00e9 mis estudios el pr\u00f3ximo a\u00f1o)<\/small><\/span><\/div>\n\t\t\t\t<\/div>\n\t\t\t\t\t\t\t<div class=\"elementor-accordion-item\">\n\t\t\t\t\t<div id=\"elementor-tab-title-2064\" class=\"elementor-tab-title\" data-tab=\"4\" role=\"button\" aria-controls=\"elementor-tab-content-2064\" aria-expanded=\"false\">\n\t\t\t\t\t\t\t\t\t\t\t\t\t<span class=\"elementor-accordion-icon elementor-accordion-icon-left\" aria-hidden=\"true\">\n\t\t\t\t\t\t\t\t\t\t\t\t\t\t\t<span class=\"elementor-accordion-icon-closed\"><i class=\"fas fa-plus\"><\/i><\/span>\n\t\t\t\t\t\t\t\t<span class=\"elementor-accordion-icon-opened\"><i class=\"fas fa-minus\"><\/i><\/span>\n\t\t\t\t\t\t\t\t\t\t\t\t\t\t<\/span>\n\t\t\t\t\t\t\t\t\t\t\t\t<a class=\"elementor-accordion-title\" tabindex=\"0\">Futur II<\/a>\n\t\t\t\t\t<\/div>\n\t\t\t\t\t<div id=\"elementor-tab-content-2064\" class=\"elementor-tab-content elementor-clearfix\" data-tab=\"4\" role=\"region\" aria-labelledby=\"elementor-tab-title-2064\"><span translate=\"no\"><strong>werden (en presente + participio II + haben)<\/strong>\nIch <strong>werde<\/strong> n\u00e4chstes Jahr mein Studium <strong>abgeschlossen haben<\/strong>.\n<small>(Habr\u00e9 terminado mi carrera el pr\u00f3ximo a\u00f1o.)<\/small>\n<\/span>\n\n<span translate=\"no\"><strong>werden (en presente + participio II + sein)<\/strong>\nIch <strong>werde<\/strong> n\u00e4chstes Jahr in den Urlaub <strong>gefahren sein<\/strong>.\n<small>(Habr\u00e9 ido de vacaciones el pr\u00f3ximo a\u00f1o.)<\/small><\/span><\/div>\n\t\t\t\t<\/div>\n\t\t\t\t\t\t\t<div class=\"elementor-accordion-item\">\n\t\t\t\t\t<div id=\"elementor-tab-title-2065\" class=\"elementor-tab-title\" data-tab=\"5\" role=\"button\" aria-controls=\"elementor-tab-content-2065\" aria-expanded=\"false\">\n\t\t\t\t\t\t\t\t\t\t\t\t\t<span class=\"elementor-accordion-icon elementor-accordion-icon-left\" aria-hidden=\"true\">\n\t\t\t\t\t\t\t\t\t\t\t\t\t\t\t<span class=\"elementor-accordion-icon-closed\"><i class=\"fas fa-plus\"><\/i><\/span>\n\t\t\t\t\t\t\t\t<span class=\"elementor-accordion-icon-opened\"><i class=\"fas fa-minus\"><\/i><\/span>\n\t\t\t\t\t\t\t\t\t\t\t\t\t\t<\/span>\n\t\t\t\t\t\t\t\t\t\t\t\t<a class=\"elementor-accordion-title\" tabindex=\"0\">Konjunktiv II<\/a>\n\t\t\t\t\t<\/div>\n\t\t\t\t\t<div id=\"elementor-tab-content-2065\" class=\"elementor-tab-content elementor-clearfix\" data-tab=\"5\" role=\"region\" aria-labelledby=\"elementor-tab-title-2065\"><p><span translate=\"no\"><strong>Konjunktiv II presente<br \/>werden (+ Infinitivo)<\/strong><br \/>Ich <strong>w\u00fcrde<\/strong> gern in den Urlaub <strong>fahren.<br \/><\/strong><small>(Me gustar\u00eda ir de vacaciones)<\/small><\/span><\/p><p><span translate=\"no\"><strong>Konjunktiv II pasado<br \/>sein (en Konjunktiv II + participio II)<\/strong><br \/>Ich <strong>w\u00e4re<\/strong> in den Urlaub <strong>gefahren<\/strong><br \/><small>(Habr\u00eda ido de vacaciones)<\/small><br \/><\/span><\/p><p><span translate=\"no\"><strong>haben (en Konjunktiv II + participio II)<\/strong><br \/>Ich <strong>h\u00e4tte<\/strong> das Auto <strong>gekauft<\/strong>.<br \/><small>(Habr\u00eda comprado el coche.)<\/small><\/span><\/p><p>\u00a0<\/p><\/div>\n\t\t\t\t<\/div>\n\t\t\t\t\t\t\t<div class=\"elementor-accordion-item\">\n\t\t\t\t\t<div id=\"elementor-tab-title-2066\" class=\"elementor-tab-title\" data-tab=\"6\" role=\"button\" aria-controls=\"elementor-tab-content-2066\" aria-expanded=\"false\">\n\t\t\t\t\t\t\t\t\t\t\t\t\t<span class=\"elementor-accordion-icon elementor-accordion-icon-left\" aria-hidden=\"true\">\n\t\t\t\t\t\t\t\t\t\t\t\t\t\t\t<span class=\"elementor-accordion-icon-closed\"><i class=\"fas fa-plus\"><\/i><\/span>\n\t\t\t\t\t\t\t\t<span class=\"elementor-accordion-icon-opened\"><i class=\"fas fa-minus\"><\/i><\/span>\n\t\t\t\t\t\t\t\t\t\t\t\t\t\t<\/span>\n\t\t\t\t\t\t\t\t\t\t\t\t<a class=\"elementor-accordion-title\" tabindex=\"0\">Zustandspassiv<\/a>\n\t\t\t\t\t<\/div>\n\t\t\t\t\t<div id=\"elementor-tab-content-2066\" class=\"elementor-tab-content elementor-clearfix\" data-tab=\"6\" role=\"region\" aria-labelledby=\"elementor-tab-title-2066\"><span translate=\"no\"><strong>sein (en presente + participio II)<\/strong>\nDas Gesch\u00e4ft <strong>ist geschlossen<\/strong>.\n<small>(La tienda est\u00e1 cerrada)<\/small><\/span><\/div>\n\t\t\t\t<\/div>\n\t\t\t\t\t\t\t<div class=\"elementor-accordion-item\">\n\t\t\t\t\t<div id=\"elementor-tab-title-2067\" class=\"elementor-tab-title\" data-tab=\"7\" role=\"button\" aria-controls=\"elementor-tab-content-2067\" aria-expanded=\"false\">\n\t\t\t\t\t\t\t\t\t\t\t\t\t<span class=\"elementor-accordion-icon elementor-accordion-icon-left\" aria-hidden=\"true\">\n\t\t\t\t\t\t\t\t\t\t\t\t\t\t\t<span class=\"elementor-accordion-icon-closed\"><i class=\"fas fa-plus\"><\/i><\/span>\n\t\t\t\t\t\t\t\t<span class=\"elementor-accordion-icon-opened\"><i class=\"fas fa-minus\"><\/i><\/span>\n\t\t\t\t\t\t\t\t\t\t\t\t\t\t<\/span>\n\t\t\t\t\t\t\t\t\t\t\t\t<a class=\"elementor-accordion-title\" tabindex=\"0\">Vorgangspassiv<\/a>\n\t\t\t\t\t<\/div>\n\t\t\t\t\t<div id=\"elementor-tab-content-2067\" class=\"elementor-tab-content elementor-clearfix\" data-tab=\"7\" role=\"region\" aria-labelledby=\"elementor-tab-title-2067\"><span translate=\"no\"><strong>werden (en presente + participio II)<\/strong>\nDas Auto <strong>wird repariert.<\/strong>\n<small>(El coche est\u00e1 siendo reparado)<\/small><\/span><\/div>\n\t\t\t\t<\/div>\n\t\t\t\t\t\t\t\t<\/div>\n\t\t\t\t\t\t<\/div>\n\t\t\t\t<\/div>\n\t\t\t\t\t<\/div>\n\t\t<\/div>\n\t\t\t\t\t<\/div>\n\t\t<\/section>\n\t\t\t\t<section class=\"elementor-section elementor-inner-section elementor-element elementor-element-106dfe7 elementor-section-boxed elementor-section-height-default elementor-section-height-default\" data-id=\"106dfe7\" data-element_type=\"section\" data-e-type=\"section\">\n\t\t\t\t\t\t<div class=\"elementor-container elementor-column-gap-default\">\n\t\t\t\t\t<div class=\"elementor-column elementor-col-100 elementor-inner-column elementor-element elementor-element-d9566a3\" data-id=\"d9566a3\" data-element_type=\"column\" data-e-type=\"column\">\n\t\t\t<div class=\"elementor-widget-wrap elementor-element-populated\">\n\t\t\t\t\t\t<div class=\"elementor-element elementor-element-fe2a7cb elementor-widget elementor-widget-heading\" data-id=\"fe2a7cb\" data-element_type=\"widget\" data-e-type=\"widget\" data-widget_type=\"heading.default\">\n\t\t\t\t<div class=\"elementor-widget-container\">\n\t\t\t\t\t<h4 class=\"elementor-heading-title elementor-size-default\">La Conjugaci\u00f3n<\/h4>\t\t\t\t<\/div>\n\t\t\t\t<\/div>\n\t\t\t\t<div class=\"elementor-element elementor-element-db18336 elementor-widget elementor-widget-text-editor\" data-id=\"db18336\" data-element_type=\"widget\" data-e-type=\"widget\" data-widget_type=\"text-editor.default\">\n\t\t\t\t<div class=\"elementor-widget-container\">\n\t\t\t\t\t\t\t\t\t<span translate=\"no\">\n<table class=\"table\">\n<thead>\n<tr>\n<th><\/th>\n<th>sein<\/th>\n<th>haben<\/th>\n<th>werden<\/th>\n<\/tr>\n<\/thead>\n<tbody>\n<tr>\n<td>ich<\/td>\n<td>bin<\/td>\n<td>habe<\/td>\n<td>werde<\/td>\n<\/tr>\n<tr>\n<td>du<\/td>\n<td>bist<\/td>\n<td>hast<\/td>\n<td>wirst<\/td>\n<\/tr>\n<tr>\n<td>er\/sie\/es<\/td>\n<td>ist<\/td>\n<td>hat<\/td>\n<td>wird<\/td>\n<\/tr>\n<tr>\n<td>wir<\/td>\n<td>sind<\/td>\n<td>haben<\/td>\n<td>werden<\/td>\n<\/tr>\n<tr>\n<td>ihr<\/td>\n<td>seid<\/td>\n<td>habt<\/td>\n<td>werdet<\/td>\n<\/tr>\n<tr>\n<td>sie\/Sie<\/td>\n<td>sind<\/td>\n<td>haben<\/td>\n<td>werden<\/td>\n<\/tr>\n<\/tbody>\n<\/table>\n<\/span>\t\t\t\t\t\t\t\t<\/div>\n\t\t\t\t<\/div>\n\t\t\t\t\t<\/div>\n\t\t<\/div>\n\t\t\t\t\t<\/div>\n\t\t<\/section>\n\t\t\t\t<section class=\"elementor-section elementor-inner-section elementor-element elementor-element-6991d18 elementor-section-boxed elementor-section-height-default elementor-section-height-default\" data-id=\"6991d18\" data-element_type=\"section\" data-e-type=\"section\">\n\t\t\t\t\t\t<div class=\"elementor-container elementor-column-gap-default\">\n\t\t\t\t\t<div class=\"elementor-column elementor-col-100 elementor-inner-column elementor-element elementor-element-561545e\" data-id=\"561545e\" data-element_type=\"column\" data-e-type=\"column\">\n\t\t\t<div class=\"elementor-widget-wrap elementor-element-populated\">\n\t\t\t\t\t\t<div class=\"elementor-element elementor-element-3faf0c7 elementor-widget elementor-widget-text-editor\" data-id=\"3faf0c7\" data-element_type=\"widget\" data-e-type=\"widget\" data-widget_type=\"text-editor.default\">\n\t\t\t\t<div class=\"elementor-widget-container\">\n\t\t\t\t\t\t\t\t\t<p>Los verbos <strong>sein, haben y werden<\/strong> son como los cimientos de una casa s\u00f3lida en la gram\u00e1tica alemana. Una vez que los comprendas y utilices correctamente, estar\u00e1s un paso m\u00e1s cerca de hablar alem\u00e1n con fluidez. \u00a1No dudes en explorar nuestros ejercicios y recursos adicionales para llevar tu aprendizaje al siguiente nivel!<\/p>\t\t\t\t\t\t\t\t<\/div>\n\t\t\t\t<\/div>\n\t\t\t\t\t<\/div>\n\t\t<\/div>\n\t\t\t\t\t<\/div>\n\t\t<\/section>\n\t\t\t\t\t<\/div>\n\t\t<\/div>\n\t\t\t\t<div class=\"elementor-column elementor-col-25 elementor-top-column elementor-element elementor-element-6c75a7ce\" data-id=\"6c75a7ce\" data-element_type=\"column\" data-e-type=\"column\">\n\t\t\t<div class=\"elementor-widget-wrap\">\n\t\t\t\t\t\t\t<\/div>\n\t\t<\/div>\n\t\t\t\t\t<\/div>\n\t\t<\/section>\n\t\t\t\t<\/div>\n\t\t","protected":false},"excerpt":{"rendered":"<p>El Tr\u00edo de Poder de los Verbos &#8211; sein, haben &#038; werden Si eres un entusiasta de aprender alem\u00e1n, seguramente te has topado con estos tres verbos cruciales: sein, haben y werden. Pero, \u00bfsab\u00edas que estos verbos son verdaderamente multifac\u00e9ticos? En este art\u00edculo, te desvelaremos todos sus secretos y c\u00f3mo pueden elevar tu dominio del&hellip;&nbsp;<a href=\"https:\/\/alemanexpress.net\/index.php\/hilfsverben\/\" class=\"\" rel=\"bookmark\">Weiterlesen &raquo;<span class=\"screen-reader-text\">Explorando las Verbos Auxiliares Alemanes<\/span><\/a><\/p>\n","protected":false},"author":1,"featured_media":0,"parent":0,"menu_order":0,"comment_status":"closed","ping_status":"closed","template":"","meta":{"neve_meta_sidebar":"","neve_meta_container":"","neve_meta_enable_content_width":"","neve_meta_content_width":0,"neve_meta_title_alignment":"","neve_meta_author_avatar":"","neve_post_elements_order":"","neve_meta_disable_header":"","neve_meta_disable_footer":"","neve_meta_disable_title":"","footnotes":""},"class_list":["post-618","page","type-page","status-publish","hentry"],"aioseo_notices":[],"_links":{"self":[{"href":"https:\/\/alemanexpress.net\/index.php\/wp-json\/wp\/v2\/pages\/618","targetHints":{"allow":["GET"]}}],"collection":[{"href":"https:\/\/alemanexpress.net\/index.php\/wp-json\/wp\/v2\/pages"}],"about":[{"href":"https:\/\/alemanexpress.net\/index.php\/wp-json\/wp\/v2\/types\/page"}],"author":[{"embeddable":true,"href":"https:\/\/alemanexpress.net\/index.php\/wp-json\/wp\/v2\/users\/1"}],"replies":[{"embeddable":true,"href":"https:\/\/alemanexpress.net\/index.php\/wp-json\/wp\/v2\/comments?post=618"}],"version-history":[{"count":5,"href":"https:\/\/alemanexpress.net\/index.php\/wp-json\/wp\/v2\/pages\/618\/revisions"}],"predecessor-version":[{"id":1287,"href":"https:\/\/alemanexpress.net\/index.php\/wp-json\/wp\/v2\/pages\/618\/revisions\/1287"}],"wp:attachment":[{"href":"https:\/\/alemanexpress.net\/index.php\/wp-json\/wp\/v2\/media?parent=618"}],"curies":[{"name":"wp","href":"https:\/\/api.w.org\/{rel}","templated":true}]}}