{"id":1116,"date":"2023-01-23T21:26:42","date_gmt":"2023-01-23T21:26:42","guid":{"rendered":"https:\/\/e-linguist.com\/?page_id=1116"},"modified":"2023-10-05T20:40:40","modified_gmt":"2023-10-06T03:40:40","slug":"es-2","status":"publish","type":"page","link":"https:\/\/alemanexpress.net\/index.php\/es-2\/","title":{"rendered":"Pronombre &#8222;es&#8220; en Alem\u00e1n: Usos y Ejemplos Pr\u00e1cticos"},"content":{"rendered":"\t\t<div data-elementor-type=\"wp-page\" data-elementor-id=\"1116\" class=\"elementor elementor-1116\">\n\t\t\t\t\t\t<section class=\"elementor-section elementor-top-section elementor-element elementor-element-1c50e545 elementor-section-full_width elementor-section-height-default elementor-section-height-default\" data-id=\"1c50e545\" data-element_type=\"section\" data-e-type=\"section\">\n\t\t\t\t\t\t<div class=\"elementor-container elementor-column-gap-default\">\n\t\t\t\t\t<div class=\"elementor-column elementor-col-100 elementor-top-column elementor-element elementor-element-4ffafa43\" data-id=\"4ffafa43\" data-element_type=\"column\" data-e-type=\"column\">\n\t\t\t<div class=\"elementor-widget-wrap elementor-element-populated\">\n\t\t\t\t\t\t<div class=\"elementor-element elementor-element-75b0748a elementor-widget elementor-widget-heading\" data-id=\"75b0748a\" data-element_type=\"widget\" data-e-type=\"widget\" data-widget_type=\"heading.default\">\n\t\t\t\t<div class=\"elementor-widget-container\">\n\t\t\t\t\t<h4 class=\"elementor-heading-title elementor-size-default\">El Pronombre \"es\" en Alem\u00e1n: Usos y Significado<\/h4>\t\t\t\t<\/div>\n\t\t\t\t<\/div>\n\t\t\t\t\t<\/div>\n\t\t<\/div>\n\t\t\t\t\t<\/div>\n\t\t<\/section>\n\t\t\t\t<section class=\"elementor-section elementor-top-section elementor-element elementor-element-23ae7eb elementor-section-boxed elementor-section-height-default elementor-section-height-default\" data-id=\"23ae7eb\" data-element_type=\"section\" data-e-type=\"section\">\n\t\t\t\t\t\t<div class=\"elementor-container elementor-column-gap-default\">\n\t\t\t\t\t<div class=\"elementor-column elementor-col-25 elementor-top-column elementor-element elementor-element-29d47b6a\" data-id=\"29d47b6a\" data-element_type=\"column\" data-e-type=\"column\">\n\t\t\t<div class=\"elementor-widget-wrap elementor-element-populated\">\n\t\t\t\t\t\t<div class=\"elementor-element elementor-element-139838bf elementor-widget elementor-widget-nav-menu\" data-id=\"139838bf\" data-element_type=\"widget\" data-e-type=\"widget\" data-widget_type=\"nav-menu.default\">\n\t\t\t\t<div class=\"elementor-widget-container\">\n\t\t\t\t\t \t\t\t\t<\/div>\n\t\t\t\t<\/div>\n\t\t\t\t\t<\/div>\n\t\t<\/div>\n\t\t\t\t<div class=\"elementor-column elementor-col-50 elementor-top-column elementor-element elementor-element-76875a2a\" data-id=\"76875a2a\" data-element_type=\"column\" data-e-type=\"column\">\n\t\t\t<div class=\"elementor-widget-wrap elementor-element-populated\">\n\t\t\t\t\t\t<div class=\"elementor-element elementor-element-5045e6fd elementor-widget elementor-widget-text-editor\" data-id=\"5045e6fd\" data-element_type=\"widget\" data-e-type=\"widget\" data-widget_type=\"text-editor.default\">\n\t\t\t\t<div class=\"elementor-widget-container\">\n\t\t\t\t\t\t\t\t\t<p>El pronombre <em>&#8222;es&#8220;<\/em> es una parte esencial de la gram\u00e1tica alemana y tiene varias funciones en el idioma. Exploraremos las tres principales aplicaciones del pronombre <em>&#8222;es&#8220;<\/em> en la gram\u00e1tica alemana en este articulo.\u00a0<\/p>\t\t\t\t\t\t\t\t<\/div>\n\t\t\t\t<\/div>\n\t\t\t\t<div class=\"elementor-element elementor-element-253e0bfb elementor-widget elementor-widget-heading\" data-id=\"253e0bfb\" data-element_type=\"widget\" data-e-type=\"widget\" data-widget_type=\"heading.default\">\n\t\t\t\t<div class=\"elementor-widget-container\">\n\t\t\t\t\t<h4 class=\"elementor-heading-title elementor-size-default\">1. Pronombre Personal Neutro<\/h4>\t\t\t\t<\/div>\n\t\t\t\t<\/div>\n\t\t\t\t<div class=\"elementor-element elementor-element-35c978fc elementor-widget elementor-widget-text-editor\" data-id=\"35c978fc\" data-element_type=\"widget\" data-e-type=\"widget\" data-widget_type=\"text-editor.default\">\n\t\t\t\t<div class=\"elementor-widget-container\">\n\t\t\t\t\t\t\t\t\t<p>En alem\u00e1n, los sustantivos neutros utilizan &#8222;<i><b>das<\/b><\/i>&#8220; como art\u00edculo definido, por ejemplo, &#8222;<i>das Haus<\/i>&#8220; (la casa). Cuando deseamos reemplazar este sustantivo con un pronombre personal, utilizamos &#8222;<i><b>es<\/b><\/i>&#8222;.<\/p><p><strong>Por ejemplo:<\/strong><\/p>\t\t\t\t\t\t\t\t<\/div>\n\t\t\t\t<\/div>\n\t\t\t\t<div class=\"elementor-element elementor-element-2c9c4e57 elementor-position-inline-start elementor-view-default elementor-mobile-position-block-start elementor-widget elementor-widget-icon-box\" data-id=\"2c9c4e57\" data-element_type=\"widget\" data-e-type=\"widget\" data-widget_type=\"icon-box.default\">\n\t\t\t\t<div class=\"elementor-widget-container\">\n\t\t\t\t\t\t\t<div class=\"elementor-icon-box-wrapper\">\n\n\t\t\t\t\t\t<div class=\"elementor-icon-box-icon\">\n\t\t\t\t<span  class=\"elementor-icon\">\n\t\t\t\t<i aria-hidden=\"true\" class=\"far fa-comment\"><\/i>\t\t\t\t<\/span>\n\t\t\t<\/div>\n\t\t\t\n\t\t\t\t\t\t<div class=\"elementor-icon-box-content\">\n\n\t\t\t\t\n\t\t\t\t\t\t\t\t\t<p class=\"elementor-icon-box-description\">\n\t\t\t\t\t\t<u>Das Haus<\/u> ist sehr gro\u00df. <b>Es<\/b> hat 6 Zimmer. <br> <small>(La casa es muy grande. Tiene 6 habitaciones)<\/small>\t\t\t\t\t<\/p>\n\t\t\t\t\n\t\t\t<\/div>\n\t\t\t\n\t\t<\/div>\n\t\t\t\t\t\t<\/div>\n\t\t\t\t<\/div>\n\t\t\t\t<div class=\"elementor-element elementor-element-a0dfe33 elementor-widget elementor-widget-heading\" data-id=\"a0dfe33\" data-element_type=\"widget\" data-e-type=\"widget\" data-widget_type=\"heading.default\">\n\t\t\t\t<div class=\"elementor-widget-container\">\n\t\t\t\t\t<h4 class=\"elementor-heading-title elementor-size-default\">2. Sustituci\u00f3n de una Oraci\u00f3n Secundaria o una Parte de la Oraci\u00f3n<\/h4>\t\t\t\t<\/div>\n\t\t\t\t<\/div>\n\t\t\t\t<div class=\"elementor-element elementor-element-f95975f elementor-widget elementor-widget-text-editor\" data-id=\"f95975f\" data-element_type=\"widget\" data-e-type=\"widget\" data-widget_type=\"text-editor.default\">\n\t\t\t\t<div class=\"elementor-widget-container\">\n\t\t\t\t\t\t\t\t\t<p>El pronombre &#8222;<em>es<\/em>&#8220; tambi\u00e9n se emplea para sustituir una oraci\u00f3n secundaria completa o una parte de una oraci\u00f3n. En este caso, &#8222;es&#8220; act\u00faa como sujeto y cojuga el verbo.<br>Un ejemplo de esto ser\u00eda:<\/p>\n<p style=\"padding-left: 40px;\"><b>Es<\/b> ist schwer,<span style=\"text-decoration: underline;\"> jeden Morgen fr\u00fch aufzustehen<\/span>.<br><small>(Es dif\u00edcil levantarse temprano cada ma\u00f1ana)<\/small><\/p>\n<p>En esta oraci\u00f3n, &#8222;<i>es<\/i>&#8220; reemplaza la parte &#8222;<u>jeden Morgen fr\u00fch aufzustehen<\/u>&#8220; (levantarse temprano cada ma\u00f1ana). Sin embargo, es importante destacar que en algunos casos, esta parte de la oraci\u00f3n puede actuar como sujeto sin necesidad de ser reemplazada por &#8222;<i>es<\/i>&#8222;.<\/p>\n<p style=\"padding-left: 40px;\">Jeden Morgen aufzustehen, ist schwer.<br><small>(Levantarse temprano cada ma\u00f1ana es dif\u00edcil)<\/small><\/p>\n<p>Aqu\u00ed tienes otro <b>ejemplo<\/b>:<\/p>\t\t\t\t\t\t\t\t<\/div>\n\t\t\t\t<\/div>\n\t\t\t\t<div class=\"elementor-element elementor-element-8dabd16 elementor-position-inline-start elementor-view-default elementor-mobile-position-block-start elementor-widget elementor-widget-icon-box\" data-id=\"8dabd16\" data-element_type=\"widget\" data-e-type=\"widget\" data-widget_type=\"icon-box.default\">\n\t\t\t\t<div class=\"elementor-widget-container\">\n\t\t\t\t\t\t\t<div class=\"elementor-icon-box-wrapper\">\n\n\t\t\t\t\t\t<div class=\"elementor-icon-box-icon\">\n\t\t\t\t<span  class=\"elementor-icon\">\n\t\t\t\t<i aria-hidden=\"true\" class=\"far fa-comment\"><\/i>\t\t\t\t<\/span>\n\t\t\t<\/div>\n\t\t\t\n\t\t\t\t\t\t<div class=\"elementor-icon-box-content\">\n\n\t\t\t\t\n\t\t\t\t\t\t\t\t\t<p class=\"elementor-icon-box-description\">\n\t\t\t\t\t\tIch finde <b>es<\/b> sch\u00f6n, <u>dass du mich besuchst<\/u> <br>Dass du mich besuchst, finde ich sch\u00f6n. \t\t\t\t\t<\/p>\n\t\t\t\t\n\t\t\t<\/div>\n\t\t\t\n\t\t<\/div>\n\t\t\t\t\t\t<\/div>\n\t\t\t\t<\/div>\n\t\t\t\t<div class=\"elementor-element elementor-element-52eb22d elementor-widget elementor-widget-heading\" data-id=\"52eb22d\" data-element_type=\"widget\" data-e-type=\"widget\" data-widget_type=\"heading.default\">\n\t\t\t\t<div class=\"elementor-widget-container\">\n\t\t\t\t\t<h5 class=\"elementor-heading-title elementor-size-default\">3. Sujeto Aparente para Verbos Impersonales<\/h5>\t\t\t\t<\/div>\n\t\t\t\t<\/div>\n\t\t\t\t<div class=\"elementor-element elementor-element-4605eb0 elementor-widget elementor-widget-text-editor\" data-id=\"4605eb0\" data-element_type=\"widget\" data-e-type=\"widget\" data-widget_type=\"text-editor.default\">\n\t\t\t\t<div class=\"elementor-widget-container\">\n\t\t\t\t\t\t\t\t\t<p>Existen verbos en alem\u00e1n que son impersonales y, por lo tanto, requieren un sujeto aparente (Scheinsubjekt). Esto es especialmente com\u00fan cuando se trata del clima, ya que no hay una entidad que realice la acci\u00f3n (por ejemplo, &#8222;<em>Es regnet<\/em>&#8220; &#8211; est\u00e1 lloviendo). Tambi\u00e9n se utiliza con sentimientos, sonidos y referencias de tiempo.<\/p>\t\t\t\t\t\t\t\t<\/div>\n\t\t\t\t<\/div>\n\t\t\t\t<div class=\"elementor-element elementor-element-26261e22 elementor-widget elementor-widget-text-editor\" data-id=\"26261e22\" data-element_type=\"widget\" data-e-type=\"widget\" data-widget_type=\"text-editor.default\">\n\t\t\t\t<div class=\"elementor-widget-container\">\n\t\t\t\t\t\t\t\t\t<table class=\"table\"><thead><tr><th style=\"text-align: center;\">Wetter<br \/><small style=\"font-weight: normal;\">clima<\/small><\/th><th style=\"text-align: center;\">Gef\u00fchle\/<br \/>Empfindungen\/ Ger\u00e4usche<br \/><small style=\"font-weight: normal;\">sentimentos\/ruidos<\/small><\/th><th style=\"text-align: center;\">Zeit<br \/><span style=\"font-weight: normal;\">tiempo<\/span><\/th><\/tr><\/thead><tbody><tr><td><b>Es <\/b>regnet.<\/td><td>Mir geht <b>es <\/b>gut.<\/td><td><b>Es <\/b>ist Sommer<\/td><\/tr><tr><td>Morgen soll <b>es <\/b>schneien.<\/td><td><b>Es<\/b> riecht komisch hier.<\/td><td><b>Es <\/b>ist 2 Uhr.<\/td><\/tr><tr><td><b>Es <\/b>nieselt drau\u00dfen.<\/td><td><b>Es <\/b>hat an der T\u00fcr geklopft.<\/td><td><b>Es<\/b> ist fr\u00fch am Morgen.<\/td><\/tr><tr><td><b>Es <\/b>scheint die Sonne.<\/td><td><b>Es <\/b>ist hell\/dunkel\/laut\/still.<\/td><td><b>Es <\/b>ist Montag.<\/td><\/tr><\/tbody><\/table>\t\t\t\t\t\t\t\t<\/div>\n\t\t\t\t<\/div>\n\t\t\t\t\t<\/div>\n\t\t<\/div>\n\t\t\t\t<div class=\"elementor-column elementor-col-25 elementor-top-column elementor-element elementor-element-4713c6ae\" data-id=\"4713c6ae\" data-element_type=\"column\" data-e-type=\"column\">\n\t\t\t<div class=\"elementor-widget-wrap elementor-element-populated\">\n\t\t\t\t\t\t<div class=\"elementor-element elementor-element-2a9e16e6 elementor-widget elementor-widget-html\" data-id=\"2a9e16e6\" data-element_type=\"widget\" data-e-type=\"widget\" data-widget_type=\"html.default\">\n\t\t\t\t<div class=\"elementor-widget-container\">\n\t\t\t\t\t<script async src=\"https:\/\/pagead2.googlesyndication.com\/pagead\/js\/adsbygoogle.js?client=ca-pub-5328761514619316\"\r\n     crossorigin=\"anonymous\"><\/script>\r\n<!-- Sidebar -->\r\n<ins class=\"adsbygoogle\"\r\n     style=\"display:block\"\r\n     data-ad-client=\"ca-pub-5328761514619316\"\r\n     data-ad-slot=\"6699518563\"\r\n     data-ad-format=\"auto\"\r\n     data-full-width-responsive=\"true\"><\/ins>\r\n<script>\r\n     (adsbygoogle = window.adsbygoogle || []).push({});\r\n<\/script>\t\t\t\t<\/div>\n\t\t\t\t<\/div>\n\t\t\t\t\t<\/div>\n\t\t<\/div>\n\t\t\t\t\t<\/div>\n\t\t<\/section>\n\t\t\t\t<\/div>\n\t\t","protected":false},"excerpt":{"rendered":"<p>El Pronombre &#8222;es&#8220; en Alem\u00e1n: Usos y Significado El pronombre &#8222;es&#8220; es una parte esencial de la gram\u00e1tica alemana y tiene varias funciones en el idioma. Exploraremos las tres principales aplicaciones del pronombre &#8222;es&#8220; en la gram\u00e1tica alemana en este articulo. 1. Pronombre Personal Neutro En alem\u00e1n, los sustantivos neutros utilizan &#8222;das&#8220; como art\u00edculo definido,&hellip;&nbsp;<a href=\"https:\/\/alemanexpress.net\/index.php\/es-2\/\" class=\"\" rel=\"bookmark\">Weiterlesen &raquo;<span class=\"screen-reader-text\">Pronombre &#8222;es&#8220; en Alem\u00e1n: Usos y Ejemplos Pr\u00e1cticos<\/span><\/a><\/p>\n","protected":false},"author":1,"featured_media":0,"parent":0,"menu_order":0,"comment_status":"closed","ping_status":"closed","template":"","meta":{"neve_meta_sidebar":"","neve_meta_container":"","neve_meta_enable_content_width":"","neve_meta_content_width":0,"neve_meta_title_alignment":"","neve_meta_author_avatar":"","neve_post_elements_order":"","neve_meta_disable_header":"","neve_meta_disable_footer":"","neve_meta_disable_title":"","footnotes":""},"class_list":["post-1116","page","type-page","status-publish","hentry"],"aioseo_notices":[],"_links":{"self":[{"href":"https:\/\/alemanexpress.net\/index.php\/wp-json\/wp\/v2\/pages\/1116","targetHints":{"allow":["GET"]}}],"collection":[{"href":"https:\/\/alemanexpress.net\/index.php\/wp-json\/wp\/v2\/pages"}],"about":[{"href":"https:\/\/alemanexpress.net\/index.php\/wp-json\/wp\/v2\/types\/page"}],"author":[{"embeddable":true,"href":"https:\/\/alemanexpress.net\/index.php\/wp-json\/wp\/v2\/users\/1"}],"replies":[{"embeddable":true,"href":"https:\/\/alemanexpress.net\/index.php\/wp-json\/wp\/v2\/comments?post=1116"}],"version-history":[{"count":15,"href":"https:\/\/alemanexpress.net\/index.php\/wp-json\/wp\/v2\/pages\/1116\/revisions"}],"predecessor-version":[{"id":1228,"href":"https:\/\/alemanexpress.net\/index.php\/wp-json\/wp\/v2\/pages\/1116\/revisions\/1228"}],"wp:attachment":[{"href":"https:\/\/alemanexpress.net\/index.php\/wp-json\/wp\/v2\/media?parent=1116"}],"curies":[{"name":"wp","href":"https:\/\/api.w.org\/{rel}","templated":true}]}}