{"id":1110,"date":"2023-01-17T23:27:03","date_gmt":"2023-01-17T23:27:03","guid":{"rendered":"https:\/\/e-linguist.com\/?page_id=1110"},"modified":"2023-10-08T16:28:55","modified_gmt":"2023-10-08T23:28:55","slug":"konjunktiv-ii","status":"publish","type":"page","link":"https:\/\/alemanexpress.net\/index.php\/konjunktiv-ii\/","title":{"rendered":"Expertos En Gram\u00e1tica Alemana: Konjunktiv II Simplificado"},"content":{"rendered":"\t\t<div data-elementor-type=\"wp-page\" data-elementor-id=\"1110\" class=\"elementor elementor-1110\">\n\t\t\t\t\t\t<section class=\"elementor-section elementor-top-section elementor-element elementor-element-6a2d76a4 elementor-section-full_width elementor-section-height-default elementor-section-height-default\" data-id=\"6a2d76a4\" data-element_type=\"section\" data-e-type=\"section\">\n\t\t\t\t\t\t<div class=\"elementor-container elementor-column-gap-default\">\n\t\t\t\t\t<div class=\"elementor-column elementor-col-100 elementor-top-column elementor-element elementor-element-222265bd\" data-id=\"222265bd\" data-element_type=\"column\" data-e-type=\"column\">\n\t\t\t<div class=\"elementor-widget-wrap elementor-element-populated\">\n\t\t\t\t\t\t<div class=\"elementor-element elementor-element-5a989961 elementor-widget elementor-widget-heading\" data-id=\"5a989961\" data-element_type=\"widget\" data-e-type=\"widget\" data-widget_type=\"heading.default\">\n\t\t\t\t<div class=\"elementor-widget-container\">\n\t\t\t\t\t<h4 class=\"elementor-heading-title elementor-size-default\">Expertos en Gram\u00e1tica Alemana: Konjunktiv II Simplificado<\/h4>\t\t\t\t<\/div>\n\t\t\t\t<\/div>\n\t\t\t\t\t<\/div>\n\t\t<\/div>\n\t\t\t\t\t<\/div>\n\t\t<\/section>\n\t\t\t\t<section class=\"elementor-section elementor-top-section elementor-element elementor-element-87f8464 elementor-section-boxed elementor-section-height-default elementor-section-height-default\" data-id=\"87f8464\" data-element_type=\"section\" data-e-type=\"section\">\n\t\t\t\t\t\t<div class=\"elementor-container elementor-column-gap-default\">\n\t\t\t\t\t<div class=\"elementor-column elementor-col-25 elementor-top-column elementor-element elementor-element-116b5d3b\" data-id=\"116b5d3b\" data-element_type=\"column\" data-e-type=\"column\">\n\t\t\t<div class=\"elementor-widget-wrap elementor-element-populated\">\n\t\t\t\t\t\t<div class=\"elementor-element elementor-element-26c3284f elementor-widget elementor-widget-nav-menu\" data-id=\"26c3284f\" data-element_type=\"widget\" data-e-type=\"widget\" data-widget_type=\"nav-menu.default\">\n\t\t\t\t<div class=\"elementor-widget-container\">\n\t\t\t\t\t \t\t\t\t<\/div>\n\t\t\t\t<\/div>\n\t\t\t\t\t<\/div>\n\t\t<\/div>\n\t\t\t\t<div class=\"elementor-column elementor-col-50 elementor-top-column elementor-element elementor-element-187f25f8\" data-id=\"187f25f8\" data-element_type=\"column\" data-e-type=\"column\">\n\t\t\t<div class=\"elementor-widget-wrap elementor-element-populated\">\n\t\t\t\t\t\t<div class=\"elementor-element elementor-element-45488ead elementor-widget elementor-widget-text-editor\" data-id=\"45488ead\" data-element_type=\"widget\" data-e-type=\"widget\" data-widget_type=\"text-editor.default\">\n\t\t\t\t<div class=\"elementor-widget-container\">\n\t\t\t\t\t\t\t\t\t<p>\u00bfEst\u00e1s preparado para sumergirte en los misterios de la gram\u00e1tica alemana? \u00a1Estupendo! En mi papel como tu gu\u00eda en el idioma alem\u00e1n, te garantizo que esta aventura ser\u00e1 tanto instructiva como entretenida. En el d\u00eda de hoy, nos adentraremos en el intrigante universo del <strong>Konjunktiv II.<\/strong><\/p>\t\t\t\t\t\t\t\t<\/div>\n\t\t\t\t<\/div>\n\t\t\t\t<div class=\"elementor-element elementor-element-e478ddc elementor-widget elementor-widget-heading\" data-id=\"e478ddc\" data-element_type=\"widget\" data-e-type=\"widget\" data-widget_type=\"heading.default\">\n\t\t\t\t<div class=\"elementor-widget-container\">\n\t\t\t\t\t<h2 class=\"elementor-heading-title elementor-size-default\">\u00bfQu\u00e9 es el Konjunktiv II?\n<\/h2>\t\t\t\t<\/div>\n\t\t\t\t<\/div>\n\t\t\t\t<div class=\"elementor-element elementor-element-2e40325 elementor-widget elementor-widget-text-editor\" data-id=\"2e40325\" data-element_type=\"widget\" data-e-type=\"widget\" data-widget_type=\"text-editor.default\">\n\t\t\t\t<div class=\"elementor-widget-container\">\n\t\t\t\t\t\t\t\t\t<p>El <strong>Konjunktiv II<\/strong> es un modo gramatical alem\u00e1n utilizado para expresar una variedad de situaciones, incluyendo <b>deseos<\/b>, <b>sugerencias<\/b>, <b>condiciones irreales<\/b> y <b>cortes\u00eda<\/b>.<\/p><p>Todos los verbos tienen una conjugaci\u00f3n en <strong>Konjunktiv II<\/strong>, pero en el uso cotidiano, solo los verbos &#8222;<a href=\"#habensein\"><strong>haben<\/strong><\/a>&#8220; (tener) y &#8222;<a href=\"#habensein\"><strong>sein<\/strong><\/a>&#8220; (ser\/estar), los <a href=\"#modalverben\"><strong>verbos modales<\/strong><\/a> y algunos <a href=\"#andere\"><strong>verbos aislados<\/strong><\/a> se conjugan en Konjunktiv II. Todos los dem\u00e1s verbos lo forman con el verbo auxiliar<a href=\"#wuerden\"> &#8222;<strong>werden<\/strong>&#8222;<\/a> en Konjunktiv II (w\u00fcrden) y su infinitivo.<\/p>\t\t\t\t\t\t\t\t<\/div>\n\t\t\t\t<\/div>\n\t\t\t\t<div class=\"elementor-element elementor-element-17820b8 elementor-widget elementor-widget-text-editor\" data-id=\"17820b8\" data-element_type=\"widget\" data-e-type=\"widget\" data-widget_type=\"text-editor.default\">\n\t\t\t\t<div class=\"elementor-widget-container\">\n\t\t\t\t\t\t\t\t\t<p><span style=\"font-size: 18px; font-weight: bold;\">\u2192 Expresando Deseos<\/span><br \/>\u00bfAlguna vez has deseado algo con todo tu coraz\u00f3n? En alem\u00e1n, utilizamos el Konjunktiv II para expresar nuestros deseos. Por ejemplo:<\/p><ul><li style=\"list-style-type: none;\"><ul><li style=\"list-style-type: none;\"><ul><li>Ich <strong>w\u00fcrde<\/strong> gern nach Italien <strong>fahren<\/strong>. (Me gustar\u00eda ir a Italia. )<\/li><li>Er <strong>h\u00e4tte<\/strong> gern Urlaub.\u00a0(\u00c9l desear\u00eda tener unas vacaciones.)<\/li><\/ul><\/li><\/ul><\/li><\/ul><p><span style=\"font-size: 18px; font-weight: bold;\"> \u2192 Condiciones Irreales<br \/><\/span> Cuando discutimos situaciones irreales o hipot\u00e9ticas, entra en juego el Konjunktiv II. Mira estos ejemplos:<\/p><ul><li style=\"list-style-type: none;\"><ul><li style=\"list-style-type: none;\"><ul><li>Wenn ich Urlaub <strong>h\u00e4tte<\/strong>, <strong>w\u00fcrde<\/strong> ich jetzt am Strand <strong>liegen<\/strong>. (Si tuviera unas vacaciones, estar\u00eda tumbado en la playa en este momento.)<\/li><li>Wenn ich reich <strong>w\u00e4re<\/strong>, <strong>w\u00fcrde<\/strong> ich ein neues Auto <strong>kaufen<\/strong>. (Si fuera rico, comprar\u00eda un coche nuevo)<\/li><\/ul><\/li><\/ul><\/li><\/ul><p><span style=\"font-size: 18px; font-weight: bold;\">\u2192 Cortes\u00eda<br \/><\/span>El Konjunktiv II tambi\u00e9n se utiliza para ser cort\u00e9s. Es una forma amable de hacer preguntas o solicitudes. Por ejemplo:<strong><br \/><\/strong><\/p><ul><li style=\"list-style-type: none;\"><ul><li style=\"list-style-type: none;\"><ul><li><strong>K\u00f6nntest<\/strong> du mir das Buch <strong>geben. <\/strong>(\u00bfPodr\u00edas darme el libro?)<\/li><li><strong>W\u00fcrdest<\/strong> du mir bitte <strong>helfen<\/strong>? (\u00bfMe ayudar\u00edas, por favor?)<\/li><\/ul><\/li><\/ul><\/li><\/ul><p><span style=\"font-size: 18px; font-weight: bold;\">\u2192 Sugerencias y Consejos<br \/><\/span>Cuando queremos ofrecer sugerencias o consejos, el Konjunktiv II es \u00fatil. Echa un vistazo a estos ejemplos:<\/p><ul><li style=\"list-style-type: none;\"><ul><li style=\"list-style-type: none;\"><ul><li style=\"list-style-type: none;\"><ul><li>Du <strong>solltest<\/strong> mehr Sport <strong>machen<\/strong>. (Du solltest mehr Sport machen.)<\/li><li>Wir <strong>k\u00f6nnten<\/strong> doch am Wochenende ins Kino <strong>gehen<\/strong>. (Podr\u00edamos ir al cine el fin de semana)<\/li><\/ul><\/li><\/ul><\/li><\/ul><\/li><\/ul>\t\t\t\t\t\t\t\t<\/div>\n\t\t\t\t<\/div>\n\t\t\t\t<div class=\"elementor-element elementor-element-72139e4 elementor-widget elementor-widget-menu-anchor\" data-id=\"72139e4\" data-element_type=\"widget\" data-e-type=\"widget\" data-widget_type=\"menu-anchor.default\">\n\t\t\t\t<div class=\"elementor-widget-container\">\n\t\t\t\t\t\t\t<div class=\"elementor-menu-anchor\" id=\"wuerden\"><\/div>\n\t\t\t\t\t\t<\/div>\n\t\t\t\t<\/div>\n\t\t\t\t<div class=\"elementor-element elementor-element-33f1f27 elementor-widget elementor-widget-heading\" data-id=\"33f1f27\" data-element_type=\"widget\" data-e-type=\"widget\" data-widget_type=\"heading.default\">\n\t\t\t\t<div class=\"elementor-widget-container\">\n\t\t\t\t\t<h2 class=\"elementor-heading-title elementor-size-default\">C\u00f3mo Conjugar el Konjunktiv II<\/h2>\t\t\t\t<\/div>\n\t\t\t\t<\/div>\n\t\t\t\t<div class=\"elementor-element elementor-element-e4ae8dd elementor-widget elementor-widget-heading\" data-id=\"e4ae8dd\" data-element_type=\"widget\" data-e-type=\"widget\" data-widget_type=\"heading.default\">\n\t\t\t\t<div class=\"elementor-widget-container\">\n\t\t\t\t\t<h5 class=\"elementor-heading-title elementor-size-default\">werden + Infinitiv<\/h5>\t\t\t\t<\/div>\n\t\t\t\t<\/div>\n\t\t\t\t<div class=\"elementor-element elementor-element-6945e18 elementor-widget elementor-widget-text-editor\" data-id=\"6945e18\" data-element_type=\"widget\" data-e-type=\"widget\" data-widget_type=\"text-editor.default\">\n\t\t\t\t<div class=\"elementor-widget-container\">\n\t\t\t\t\t\t\t\t\t<p>La mayor\u00eda de los verbos forman su Konjuktiv II (subjuntivo) con el Konjunkti II del verbo auxiliar &#8222;werden&#8220; (<strong>w\u00fcrden<\/strong>) y el <strong>infinitivo<\/strong>. En este caso, el verbo auxiliar se conjuga y <strong>el infinitivo se coloca al final de la oraci\u00f3n.<\/strong><\/p><table class=\"table\" style=\"self-align: center;\"><thead><tr><th style=\"text-align: center;\">\u00a0<\/th><th style=\"text-align: center;\">Konjunktiv II werden<\/th><th style=\"text-align: center;\">Angabe<\/th><th style=\"text-align: center;\">Infinitiv<\/th><\/tr><\/thead><tbody><tr><td>ich<\/td><td>w\u00fcrde<\/td><td rowspan=\"6\">gern Fussball<\/td><td rowspan=\"6\">spielen.<\/td><\/tr><tr><td>du<\/td><td>w\u00fcrdest<\/td><\/tr><tr><td>er\/sie\/es<\/td><td>w\u00fcrde<\/td><\/tr><tr><td>wir<\/td><td>w\u00fcrden<\/td><\/tr><tr><td>ihr<\/td><td>w\u00fcrdet<\/td><\/tr><tr><td>sie\/Sie<\/td><td>w\u00fcrden<\/td><\/tr><\/tbody><\/table>\t\t\t\t\t\t\t\t<\/div>\n\t\t\t\t<\/div>\n\t\t\t\t<div class=\"elementor-element elementor-element-46ca25f2 elementor-position-inline-start elementor-view-default elementor-mobile-position-block-start elementor-widget elementor-widget-icon-box\" data-id=\"46ca25f2\" data-element_type=\"widget\" data-e-type=\"widget\" data-widget_type=\"icon-box.default\">\n\t\t\t\t<div class=\"elementor-widget-container\">\n\t\t\t\t\t\t\t<div class=\"elementor-icon-box-wrapper\">\n\n\t\t\t\t\t\t<div class=\"elementor-icon-box-icon\">\n\t\t\t\t<span  class=\"elementor-icon\">\n\t\t\t\t<i aria-hidden=\"true\" class=\"far fa-comment\"><\/i>\t\t\t\t<\/span>\n\t\t\t<\/div>\n\t\t\t\n\t\t\t\t\t\t<div class=\"elementor-icon-box-content\">\n\n\t\t\t\t\n\t\t\t\t\t\t\t\t\t<p class=\"elementor-icon-box-description\">\n\t\t\t\t\t\t<b>EJEMPLOS<\/b><br><br>\nIch <strong>w\u00fcrde<\/strong> gern um die Welt <strong>reisen<\/strong>. (Deseo)<br>\nIch <strong>w\u00fcrde<\/strong> dir <strong>helfen<\/strong>, wenn ich Zeit <strong>h\u00e4tte<\/strong>. (Condici\u00f3n irreal)\t\t\t\t\t<\/p>\n\t\t\t\t\n\t\t\t<\/div>\n\t\t\t\n\t\t<\/div>\n\t\t\t\t\t\t<\/div>\n\t\t\t\t<\/div>\n\t\t\t\t<div class=\"elementor-element elementor-element-94ae356 elementor-widget elementor-widget-menu-anchor\" data-id=\"94ae356\" data-element_type=\"widget\" data-e-type=\"widget\" data-widget_type=\"menu-anchor.default\">\n\t\t\t\t<div class=\"elementor-widget-container\">\n\t\t\t\t\t\t\t<div class=\"elementor-menu-anchor\" id=\"habensein\"><\/div>\n\t\t\t\t\t\t<\/div>\n\t\t\t\t<\/div>\n\t\t\t\t<div class=\"elementor-element elementor-element-c896ae0 elementor-widget elementor-widget-heading\" data-id=\"c896ae0\" data-element_type=\"widget\" data-e-type=\"widget\" data-widget_type=\"heading.default\">\n\t\t\t\t<div class=\"elementor-widget-container\">\n\t\t\t\t\t<h5 class=\"elementor-heading-title elementor-size-default\">haben &amp; sein<\/h5>\t\t\t\t<\/div>\n\t\t\t\t<\/div>\n\t\t\t\t<div class=\"elementor-element elementor-element-5bfd22ce elementor-widget elementor-widget-text-editor\" data-id=\"5bfd22ce\" data-element_type=\"widget\" data-e-type=\"widget\" data-widget_type=\"text-editor.default\">\n\t\t\t\t<div class=\"elementor-widget-container\">\n\t\t\t\t\t\t\t\t\t<p>Los verbos &#8222;<strong>haben<\/strong>&#8220; (tener) y &#8222;<strong>sein<\/strong>&#8220; (ser\/estar) se utilizan siempre con su propia conjugaci\u00f3n en Konjunktiv II cuando funcionan como verbos principales.<\/p><p>En su papel como <strong>verbos auxiliares<\/strong>, pueden expresar el <strong>pasado en Konjunktiv II<\/strong> cuando se combinan con el participio pasado.<\/p><table class=\"table\"><thead><tr><th style=\"text-align: center;\">\u00a0<\/th><th style=\"text-align: center;\">Konjunktiv II<br \/>haben<\/th><th style=\"text-align: center;\">Konjunktiv II<br \/>sein<\/th><\/tr><\/thead><tbody><tr><td>ich<\/td><td>h\u00e4tte<\/td><td>w\u00e4re<\/td><\/tr><tr><td>du<\/td><td>h\u00e4ttest<\/td><td>w\u00e4rst<\/td><\/tr><tr><td>er\/sie\/es<\/td><td>h\u00e4tte<\/td><td>w\u00e4re<\/td><\/tr><tr><td>wir<\/td><td>h\u00e4tten<\/td><td>w\u00e4ren<\/td><\/tr><tr><td>ihr<\/td><td>h\u00e4ttet<\/td><td>w\u00e4rt<\/td><\/tr><tr><td>sie\/Sie<\/td><td>h\u00e4tten<\/td><td>w\u00e4ren<\/td><\/tr><\/tbody><\/table>\t\t\t\t\t\t\t\t<\/div>\n\t\t\t\t<\/div>\n\t\t\t\t<div class=\"elementor-element elementor-element-8452c09 elementor-position-inline-start elementor-view-default elementor-mobile-position-block-start elementor-widget elementor-widget-icon-box\" data-id=\"8452c09\" data-element_type=\"widget\" data-e-type=\"widget\" data-widget_type=\"icon-box.default\">\n\t\t\t\t<div class=\"elementor-widget-container\">\n\t\t\t\t\t\t\t<div class=\"elementor-icon-box-wrapper\">\n\n\t\t\t\t\t\t<div class=\"elementor-icon-box-icon\">\n\t\t\t\t<span  class=\"elementor-icon\">\n\t\t\t\t<i aria-hidden=\"true\" class=\"far fa-comment\"><\/i>\t\t\t\t<\/span>\n\t\t\t<\/div>\n\t\t\t\n\t\t\t\t\t\t<div class=\"elementor-icon-box-content\">\n\n\t\t\t\t\n\t\t\t\t\t\t\t\t\t<p class=\"elementor-icon-box-description\">\n\t\t\t\t\t\t<b>EJEMPLOS<\/b><br><br>\nWenn ich Geld <strong>h\u00e4tte<\/strong>, <strong>w\u00e4re<\/strong> ich reich. (Condici\u00f3n irreal en presente)<br>Wenn ich Geld <b>gehabt h\u00e4tte<\/b>, <b>w\u00e4re<\/b> ich reich <b>gewesen<\/b>. (pasado)\t\t\t\t\t<\/p>\n\t\t\t\t\n\t\t\t<\/div>\n\t\t\t\n\t\t<\/div>\n\t\t\t\t\t\t<\/div>\n\t\t\t\t<\/div>\n\t\t\t\t<div class=\"elementor-element elementor-element-0b25761 elementor-widget elementor-widget-menu-anchor\" data-id=\"0b25761\" data-element_type=\"widget\" data-e-type=\"widget\" data-widget_type=\"menu-anchor.default\">\n\t\t\t\t<div class=\"elementor-widget-container\">\n\t\t\t\t\t\t\t<div class=\"elementor-menu-anchor\" id=\"modalverben\"><\/div>\n\t\t\t\t\t\t<\/div>\n\t\t\t\t<\/div>\n\t\t\t\t<div class=\"elementor-element elementor-element-1fc4b5c elementor-widget elementor-widget-heading\" data-id=\"1fc4b5c\" data-element_type=\"widget\" data-e-type=\"widget\" data-widget_type=\"heading.default\">\n\t\t\t\t<div class=\"elementor-widget-container\">\n\t\t\t\t\t<h4 class=\"elementor-heading-title elementor-size-default\">Verbos modales<\/h4>\t\t\t\t<\/div>\n\t\t\t\t<\/div>\n\t\t\t\t<div class=\"elementor-element elementor-element-1b14057 elementor-widget elementor-widget-text-editor\" data-id=\"1b14057\" data-element_type=\"widget\" data-e-type=\"widget\" data-widget_type=\"text-editor.default\">\n\t\t\t\t<div class=\"elementor-widget-container\">\n\t\t\t\t\t\t\t\t\t<p>Los verbos modales como &#8222;d\u00fcrfen,&#8220; &#8222;k\u00f6nnen,&#8220; &#8222;m\u00fcssen,&#8220; &#8222;sollen&#8220; y &#8222;wollen&#8220; se utilizan en combinaci\u00f3n con otros verbos. El infinitivo del verbo principal se coloca al final de la oraci\u00f3n.\u00a0<\/p><table class=\"table\"><thead><tr><th style=\"text-align: center;\">\u00a0<\/th><th style=\"text-align: center;\">d\u00fcrfen<\/th><th style=\"text-align: center;\">k\u00f6nnen<\/th><th style=\"text-align: center;\">m\u00fcssen<\/th><th style=\"text-align: center;\">sollen<\/th><th style=\"text-align: center;\">wollen<\/th><\/tr><\/thead><tbody><tr><td>ich<\/td><td>d\u00fcrfte<\/td><td>k\u00f6nnte<\/td><td>m\u00fcsste<\/td><td>sollte<\/td><td>wollte<\/td><\/tr><tr><td>du<\/td><td>d\u00fcrftest<\/td><td>k\u00f6nntest<\/td><td>m\u00fcsstest<\/td><td>solltest<\/td><td>wolltest<\/td><\/tr><tr><td>er\/sie\/es<\/td><td>d\u00fcrfte<\/td><td>k\u00f6nnte<\/td><td>m\u00fcsste<\/td><td>sollte<\/td><td>wollte<\/td><\/tr><tr><td>wir<\/td><td>d\u00fcrften<\/td><td>k\u00f6nnten<\/td><td>m\u00fcssten<\/td><td>sollten<\/td><td>wollten<\/td><\/tr><tr><td>ihr<\/td><td>d\u00fcrftet<\/td><td>k\u00f6nntet<\/td><td>m\u00fcsstet<\/td><td>solltet<\/td><td>wolltet<\/td><\/tr><tr><td>sie\/Sie<\/td><td>d\u00fcrften<\/td><td>k\u00f6nnten<\/td><td>m\u00fcssten<\/td><td>sollten<\/td><td>wollten<\/td><\/tr><\/tbody><\/table>\t\t\t\t\t\t\t\t<\/div>\n\t\t\t\t<\/div>\n\t\t\t\t<div class=\"elementor-element elementor-element-0617302 elementor-position-inline-start elementor-view-default elementor-mobile-position-block-start elementor-widget elementor-widget-icon-box\" data-id=\"0617302\" data-element_type=\"widget\" data-e-type=\"widget\" data-widget_type=\"icon-box.default\">\n\t\t\t\t<div class=\"elementor-widget-container\">\n\t\t\t\t\t\t\t<div class=\"elementor-icon-box-wrapper\">\n\n\t\t\t\t\t\t<div class=\"elementor-icon-box-icon\">\n\t\t\t\t<span  class=\"elementor-icon\">\n\t\t\t\t<i aria-hidden=\"true\" class=\"far fa-comment\"><\/i>\t\t\t\t<\/span>\n\t\t\t<\/div>\n\t\t\t\n\t\t\t\t\t\t<div class=\"elementor-icon-box-content\">\n\n\t\t\t\t\n\t\t\t\t\t\t\t\t\t<p class=\"elementor-icon-box-description\">\n\t\t\t\t\t\t<b>EJEMPLOS<\/b><br><br>\n<strong>K\u00f6nntest<\/strong> du mir <strong>helfen<\/strong>? (Cortes\u00eda)<br>\nIch <strong>wollte<\/strong>, ich <strong>k\u00f6nnte<\/strong> <strong>fliegen<\/strong>.  (Condici\u00f3n irreal)<br>\nWir <strong>m\u00fcssten<\/strong> mal wieder <strong>aufr\u00e4umen<\/strong>. (Sugerencia)<br>\n<strong>D\u00fcrfte<\/strong> ich mal vorbei? (Cortes\u00eda)<br>\nDu <strong>solltest<\/strong> fr\u00fcher <strong>aufstehen! (Consejo) <\/strong>\t\t\t\t\t<\/p>\n\t\t\t\t\n\t\t\t<\/div>\n\t\t\t\n\t\t<\/div>\n\t\t\t\t\t\t<\/div>\n\t\t\t\t<\/div>\n\t\t\t\t<div class=\"elementor-element elementor-element-9e7b75f elementor-widget elementor-widget-menu-anchor\" data-id=\"9e7b75f\" data-element_type=\"widget\" data-e-type=\"widget\" data-widget_type=\"menu-anchor.default\">\n\t\t\t\t<div class=\"elementor-widget-container\">\n\t\t\t\t\t\t\t<div class=\"elementor-menu-anchor\" id=\"andere\"><\/div>\n\t\t\t\t\t\t<\/div>\n\t\t\t\t<\/div>\n\t\t\t\t<div class=\"elementor-element elementor-element-6de7fda elementor-widget elementor-widget-heading\" data-id=\"6de7fda\" data-element_type=\"widget\" data-e-type=\"widget\" data-widget_type=\"heading.default\">\n\t\t\t\t<div class=\"elementor-widget-container\">\n\t\t\t\t\t<h4 class=\"elementor-heading-title elementor-size-default\">Otros Verbos<\/h4>\t\t\t\t<\/div>\n\t\t\t\t<\/div>\n\t\t\t\t<div class=\"elementor-element elementor-element-e4a1261 elementor-widget elementor-widget-text-editor\" data-id=\"e4a1261\" data-element_type=\"widget\" data-e-type=\"widget\" data-widget_type=\"text-editor.default\">\n\t\t\t\t<div class=\"elementor-widget-container\">\n\t\t\t\t\t\t\t\t\t<p>Algunos verbos tienen su propia conjugaci\u00f3n en Konjunktiv II y no utilizan &#8222;w\u00fcrden.&#8220; Ejemplos:<\/p><table class=\"table\"><thead><tr><th style=\"text-align: center;\"><span style=\"font-weight: 400;\">\u00a0<\/span><\/th><th style=\"text-align: center;\"><span style=\"font-weight: 400;\">brauchen*<\/span><\/th><th style=\"text-align: center;\"><span style=\"font-weight: 400;\">finden<\/span><\/th><th style=\"text-align: center;\"><span style=\"font-weight: 400;\">kommen<\/span><\/th><th style=\"text-align: center;\"><span style=\"font-weight: 400;\">wissen<\/span><\/th><\/tr><\/thead><tbody><tr><td>ich<\/td><td>br\u00e4uchte<\/td><td>f\u00e4nde<\/td><td>k\u00e4me<\/td><td>w\u00fcsste<\/td><\/tr><tr><td>du<\/td><td>br\u00e4uchtest<\/td><td>f\u00e4ndest<\/td><td>k\u00e4mest<\/td><td>w\u00fcsstest<\/td><\/tr><tr><td>er\/sie\/es<\/td><td>br\u00e4uchte<\/td><td>f\u00e4nde<\/td><td>k\u00e4me<\/td><td>w\u00fcsste<\/td><\/tr><tr><td>wir<\/td><td>br\u00e4uchten<\/td><td>f\u00e4nden<\/td><td>k\u00e4men<\/td><td>w\u00fcssten<\/td><\/tr><tr><td>ihr<\/td><td>br\u00e4uchtet<\/td><td>f\u00e4ndet<\/td><td>k\u00e4met<\/td><td>w\u00fcsstet<\/td><\/tr><tr><td>sie\/Sie<\/td><td>br\u00e4uchten<\/td><td>f\u00e4nden<\/td><td>k\u00e4men<\/td><td>w\u00fcssten<\/td><\/tr><\/tbody><\/table>\t\t\t\t\t\t\t\t<\/div>\n\t\t\t\t<\/div>\n\t\t\t\t<div class=\"elementor-element elementor-element-598e103 elementor-widget elementor-widget-text-editor\" data-id=\"598e103\" data-element_type=\"widget\" data-e-type=\"widget\" data-widget_type=\"text-editor.default\">\n\t\t\t\t<div class=\"elementor-widget-container\">\n\t\t\t\t\t\t\t\t\t<p>*La conjugaci\u00f3n correcta del verbo &#8222;brauchen&#8220; en Konjunktiv II es &#8222;brauchte&#8220; (sin di\u00e9resis). Debido a la posibilidad de confusi\u00f3n con la forma del pasado, en el lenguaje coloquial se acepta la forma &#8222;br\u00e4uchte&#8220; (con di\u00e9resis).<\/p>\t\t\t\t\t\t\t\t<\/div>\n\t\t\t\t<\/div>\n\t\t\t\t<div class=\"elementor-element elementor-element-140ef3b elementor-position-inline-start elementor-view-default elementor-mobile-position-block-start elementor-widget elementor-widget-icon-box\" data-id=\"140ef3b\" data-element_type=\"widget\" data-e-type=\"widget\" data-widget_type=\"icon-box.default\">\n\t\t\t\t<div class=\"elementor-widget-container\">\n\t\t\t\t\t\t\t<div class=\"elementor-icon-box-wrapper\">\n\n\t\t\t\t\t\t<div class=\"elementor-icon-box-icon\">\n\t\t\t\t<span  class=\"elementor-icon\">\n\t\t\t\t<i aria-hidden=\"true\" class=\"far fa-comment\"><\/i>\t\t\t\t<\/span>\n\t\t\t<\/div>\n\t\t\t\n\t\t\t\t\t\t<div class=\"elementor-icon-box-content\">\n\n\t\t\t\t\n\t\t\t\t\t\t\t\t\t<p class=\"elementor-icon-box-description\">\n\t\t\t\t\t\t<b> EJEMPLOS<\/b><br><br>\nWenn ich ein Auto  <strong>h\u00e4tte<\/strong>, <strong>br\u00e4uchte<\/strong> ich kein Fahrrad.(Condici\u00f3n irreal)<br>\n<strong>F\u00e4ndest<\/strong> du es nicht einfacher, wenn wir mit dem Bus <strong>fahren w\u00fcrden<\/strong>? (Consejo)<br>\nWenn wir ins Kino gehen w\u00fcrden, <strong>k\u00e4me<\/strong> ich mit. (Condici\u00f3n irreal)<br>\nIch <strong>w\u00fcsste<\/strong> gern, was gestern passiert ist. (Deseos)\t\t\t\t\t<\/p>\n\t\t\t\t\n\t\t\t<\/div>\n\t\t\t\n\t\t<\/div>\n\t\t\t\t\t\t<\/div>\n\t\t\t\t<\/div>\n\t\t\t\t<div class=\"elementor-element elementor-element-cb39003 elementor-widget elementor-widget-text-editor\" data-id=\"cb39003\" data-element_type=\"widget\" data-e-type=\"widget\" data-widget_type=\"text-editor.default\">\n\t\t\t\t<div class=\"elementor-widget-container\">\n\t\t\t\t\t\t\t\t\t<p>El Konjunktiv II es una parte esencial de la gram\u00e1tica alemana que te ayudar\u00e1 a expresar deseos, sugerencias, condiciones irreales y cortes\u00eda. \u00a1Sigue practicando y dominar\u00e1s esta habilidad en poco tiempo!<\/p><p>\u00a1Hasta la pr\u00f3xima lecci\u00f3n!<\/p>\t\t\t\t\t\t\t\t<\/div>\n\t\t\t\t<\/div>\n\t\t\t\t\t<\/div>\n\t\t<\/div>\n\t\t\t\t<div class=\"elementor-column elementor-col-25 elementor-top-column elementor-element elementor-element-7a7b1bcd\" data-id=\"7a7b1bcd\" data-element_type=\"column\" data-e-type=\"column\">\n\t\t\t<div class=\"elementor-widget-wrap elementor-element-populated\">\n\t\t\t\t\t\t<div class=\"elementor-element elementor-element-2a33b272 elementor-widget elementor-widget-html\" data-id=\"2a33b272\" data-element_type=\"widget\" data-e-type=\"widget\" data-widget_type=\"html.default\">\n\t\t\t\t<div class=\"elementor-widget-container\">\n\t\t\t\t\t<script async src=\"https:\/\/pagead2.googlesyndication.com\/pagead\/js\/adsbygoogle.js?client=ca-pub-5328761514619316\"\r\n     crossorigin=\"anonymous\"><\/script>\r\n<!-- Sidebar -->\r\n<ins class=\"adsbygoogle\"\r\n     style=\"display:block\"\r\n     data-ad-client=\"ca-pub-5328761514619316\"\r\n     data-ad-slot=\"6699518563\"\r\n     data-ad-format=\"auto\"\r\n     data-full-width-responsive=\"true\"><\/ins>\r\n<script>\r\n     (adsbygoogle = window.adsbygoogle || []).push({});\r\n<\/script>\t\t\t\t<\/div>\n\t\t\t\t<\/div>\n\t\t\t\t\t<\/div>\n\t\t<\/div>\n\t\t\t\t\t<\/div>\n\t\t<\/section>\n\t\t\t\t<\/div>\n\t\t","protected":false},"excerpt":{"rendered":"<p>Expertos En Gram\u00e1tica Alemana: Konjunktiv II Simplificado Expertos en Gram\u00e1tica Alemana: Konjunktiv II Simplificado \u00bfEst\u00e1s preparado para sumergirte en los misterios de la gram\u00e1tica alemana? \u00a1Estupendo! En mi papel como tu gu\u00eda en el idioma alem\u00e1n, te garantizo que esta aventura ser\u00e1 tanto instructiva como entretenida. En el d\u00eda de hoy, nos adentraremos en el&hellip;&nbsp;<a href=\"https:\/\/alemanexpress.net\/index.php\/konjunktiv-ii\/\" class=\"\" rel=\"bookmark\">Weiterlesen &raquo;<span class=\"screen-reader-text\">Expertos En Gram\u00e1tica Alemana: Konjunktiv II Simplificado<\/span><\/a><\/p>\n","protected":false},"author":1,"featured_media":0,"parent":0,"menu_order":0,"comment_status":"closed","ping_status":"closed","template":"","meta":{"neve_meta_sidebar":"","neve_meta_container":"","neve_meta_enable_content_width":"","neve_meta_content_width":0,"neve_meta_title_alignment":"","neve_meta_author_avatar":"","neve_post_elements_order":"","neve_meta_disable_header":"","neve_meta_disable_footer":"","neve_meta_disable_title":"","footnotes":""},"class_list":["post-1110","page","type-page","status-publish","hentry"],"aioseo_notices":[],"_links":{"self":[{"href":"https:\/\/alemanexpress.net\/index.php\/wp-json\/wp\/v2\/pages\/1110","targetHints":{"allow":["GET"]}}],"collection":[{"href":"https:\/\/alemanexpress.net\/index.php\/wp-json\/wp\/v2\/pages"}],"about":[{"href":"https:\/\/alemanexpress.net\/index.php\/wp-json\/wp\/v2\/types\/page"}],"author":[{"embeddable":true,"href":"https:\/\/alemanexpress.net\/index.php\/wp-json\/wp\/v2\/users\/1"}],"replies":[{"embeddable":true,"href":"https:\/\/alemanexpress.net\/index.php\/wp-json\/wp\/v2\/comments?post=1110"}],"version-history":[{"count":22,"href":"https:\/\/alemanexpress.net\/index.php\/wp-json\/wp\/v2\/pages\/1110\/revisions"}],"predecessor-version":[{"id":1370,"href":"https:\/\/alemanexpress.net\/index.php\/wp-json\/wp\/v2\/pages\/1110\/revisions\/1370"}],"wp:attachment":[{"href":"https:\/\/alemanexpress.net\/index.php\/wp-json\/wp\/v2\/media?parent=1110"}],"curies":[{"name":"wp","href":"https:\/\/api.w.org\/{rel}","templated":true}]}}