{"id":1082,"date":"2023-01-09T22:39:56","date_gmt":"2023-01-09T22:39:56","guid":{"rendered":"https:\/\/e-linguist.com\/?page_id=1082"},"modified":"2024-05-23T20:19:49","modified_gmt":"2024-05-24T03:19:49","slug":"nominativ","status":"publish","type":"page","link":"https:\/\/alemanexpress.net\/index.php\/nominativ\/","title":{"rendered":"El Nominativo en la Gram\u00e1tica del Alem\u00e1n"},"content":{"rendered":"\t\t<div data-elementor-type=\"wp-page\" data-elementor-id=\"1082\" class=\"elementor elementor-1082\">\n\t\t\t\t\t\t<section class=\"elementor-section elementor-top-section elementor-element elementor-element-5efdf3b3 elementor-section-full_width elementor-section-height-default elementor-section-height-default\" data-id=\"5efdf3b3\" data-element_type=\"section\" data-e-type=\"section\">\n\t\t\t\t\t\t<div class=\"elementor-container elementor-column-gap-default\">\n\t\t\t\t\t<div class=\"elementor-column elementor-col-100 elementor-top-column elementor-element elementor-element-3915263f\" data-id=\"3915263f\" data-element_type=\"column\" data-e-type=\"column\">\n\t\t\t<div class=\"elementor-widget-wrap elementor-element-populated\">\n\t\t\t\t\t\t<div class=\"elementor-element elementor-element-d0b056e elementor-widget elementor-widget-heading\" data-id=\"d0b056e\" data-element_type=\"widget\" data-e-type=\"widget\" data-widget_type=\"heading.default\">\n\t\t\t\t<div class=\"elementor-widget-container\">\n\t\t\t\t\t<h4 class=\"elementor-heading-title elementor-size-default\">El Nominativo en Alem\u00e1n\n<\/h4>\t\t\t\t<\/div>\n\t\t\t\t<\/div>\n\t\t\t\t\t<\/div>\n\t\t<\/div>\n\t\t\t\t\t<\/div>\n\t\t<\/section>\n\t\t\t\t<section class=\"elementor-section elementor-top-section elementor-element elementor-element-5f80969c elementor-section-boxed elementor-section-height-default elementor-section-height-default\" data-id=\"5f80969c\" data-element_type=\"section\" data-e-type=\"section\">\n\t\t\t\t\t\t<div class=\"elementor-container elementor-column-gap-default\">\n\t\t\t\t\t<div class=\"elementor-column elementor-col-25 elementor-top-column elementor-element elementor-element-326b1b3f\" data-id=\"326b1b3f\" data-element_type=\"column\" data-e-type=\"column\">\n\t\t\t<div class=\"elementor-widget-wrap elementor-element-populated\">\n\t\t\t\t\t\t<div class=\"elementor-element elementor-element-67069d7d elementor-widget elementor-widget-nav-menu\" data-id=\"67069d7d\" data-element_type=\"widget\" data-e-type=\"widget\" data-widget_type=\"nav-menu.default\">\n\t\t\t\t<div class=\"elementor-widget-container\">\n\t\t\t\t\t \t\t\t\t<\/div>\n\t\t\t\t<\/div>\n\t\t\t\t\t<\/div>\n\t\t<\/div>\n\t\t\t\t<div class=\"elementor-column elementor-col-50 elementor-top-column elementor-element elementor-element-1410a759\" data-id=\"1410a759\" data-element_type=\"column\" data-e-type=\"column\">\n\t\t\t<div class=\"elementor-widget-wrap elementor-element-populated\">\n\t\t\t\t\t\t<div class=\"elementor-element elementor-element-4a90afe4 elementor-widget elementor-widget-text-editor\" data-id=\"4a90afe4\" data-element_type=\"widget\" data-e-type=\"widget\" data-widget_type=\"text-editor.default\">\n\t\t\t\t<div class=\"elementor-widget-container\">\n\t\t\t\t\t\t\t\t\t<p>\u00bfTe has preguntado alguna vez sobre el misterioso mundo de los casos gramaticales en alem\u00e1n? \u00a1No busques m\u00e1s! Aqu\u00ed, desglosaremos el Nominativ, el caso m\u00e1s b\u00e1sico pero esencial en la gram\u00e1tica alemana. Prep\u00e1rate para embarcarte en un viaje educativo hacia la comprensi\u00f3n del Nominativ. <img decoding=\"async\" class=\"emoji\" role=\"img\" draggable=\"false\" src=\"https:\/\/s.w.org\/images\/core\/emoji\/14.0.0\/svg\/1f1e9-1f1ea.svg\" alt=\"\ud83c\udde9\ud83c\uddea\" \/><\/p>\t\t\t\t\t\t\t\t<\/div>\n\t\t\t\t<\/div>\n\t\t\t\t<div class=\"elementor-element elementor-element-116875a elementor-widget elementor-widget-heading\" data-id=\"116875a\" data-element_type=\"widget\" data-e-type=\"widget\" data-widget_type=\"heading.default\">\n\t\t\t\t<div class=\"elementor-widget-container\">\n\t\t\t\t\t<h4 class=\"elementor-heading-title elementor-size-default\">\u00bfQu\u00e9 es el Nominativ?\n<\/h4>\t\t\t\t<\/div>\n\t\t\t\t<\/div>\n\t\t\t\t<div class=\"elementor-element elementor-element-0f0374f elementor-widget elementor-widget-text-editor\" data-id=\"0f0374f\" data-element_type=\"widget\" data-e-type=\"widget\" data-widget_type=\"text-editor.default\">\n\t\t\t\t<div class=\"elementor-widget-container\">\n\t\t\t\t\t\t\t\t\tEl primer caso, tambi\u00e9n conocido como &#8222;Nominativ&#8220;, es uno de los <a class=\"content\" href=\"https:\/\/alemanexpress.net\/index.php\/deklination\/\">4 casos<\/a> y la forma b\u00e1sica de un sustantivo en alem\u00e1n. Los art\u00edculos en Nominativ son &#8222;<strong>der<\/strong>&#8220; (masculino), &#8222;<strong>die<\/strong>&#8220; (femenino) y &#8222;<strong>das<\/strong>&#8220; (neutro), mientras que en plural es &#8222;<strong>die<\/strong>&#8220; para todos los sustantivos. M\u00e1s informaci\u00f3n sobre el articulo encuentras <a class=\"content\" href=\"https:\/\/alemanexpress.net\/index.php\/artikel\/\">AQU\u00cd<\/a>\t\t\t\t\t\t\t\t<\/div>\n\t\t\t\t<\/div>\n\t\t\t\t<div class=\"elementor-element elementor-element-b28c4f8 elementor-widget elementor-widget-heading\" data-id=\"b28c4f8\" data-element_type=\"widget\" data-e-type=\"widget\" data-widget_type=\"heading.default\">\n\t\t\t\t<div class=\"elementor-widget-container\">\n\t\t\t\t\t<h4 class=\"elementor-heading-title elementor-size-default\">El Nominativ en la Pr\u00e1ctica<\/h4>\t\t\t\t<\/div>\n\t\t\t\t<\/div>\n\t\t\t\t<div class=\"elementor-element elementor-element-894338a elementor-widget elementor-widget-text-editor\" data-id=\"894338a\" data-element_type=\"widget\" data-e-type=\"widget\" data-widget_type=\"text-editor.default\">\n\t\t\t\t<div class=\"elementor-widget-container\">\n\t\t\t\t\t\t\t\t\t<p>En una oraci\u00f3n en alem\u00e1n, el sujeto siempre se encuentra en Nominativ, junto con lo que es igual al sujeto. \u00bfC\u00f3mo identificamos el sujeto? Utilizamos las preguntas &#8222;Wer?&#8220; (\u00bfQui\u00e9n?) para personas y &#8222;Was?&#8220; (\u00bfQu\u00e9?) para cosas. Estas preguntas nos ayudan a determinar el sujeto y, por lo tanto, el Nominativ.Este art\u00edculo menciona tu favorito. <a href=\"https:\/\/www.high-endrolex.com\/\">hats<\/a> a precios s\u00faper bajos. Elija entre entrega el mismo d\u00eda, entrega desde el veh\u00edculo o recogida de pedidos.<\/p><h5>Ejemplo<\/h5><ol><li><strong>Der Junge<\/strong> (El ni\u00f1o) ist <strong>ein Sch\u00fcler<\/strong> (es un estudiante).<\/li><li><strong>Mein Sohn<\/strong> (Mi hijo) m\u00f6chte sp\u00e4ter <strong>ein Arzt<\/strong> (ser m\u00e9dico) werden.<\/li><\/ol><p>En estos ejemplos, ambos sustantivos est\u00e1n en Nominativ, ya que describen a la misma persona.<\/p>\t\t\t\t\t\t\t\t<\/div>\n\t\t\t\t<\/div>\n\t\t\t\t<div class=\"elementor-element elementor-element-2fd5aa8 elementor-widget elementor-widget-heading\" data-id=\"2fd5aa8\" data-element_type=\"widget\" data-e-type=\"widget\" data-widget_type=\"heading.default\">\n\t\t\t\t<div class=\"elementor-widget-container\">\n\t\t\t\t\t<h4 class=\"elementor-heading-title elementor-size-default\">Descubre M\u00e1s<\/h4>\t\t\t\t<\/div>\n\t\t\t\t<\/div>\n\t\t\t\t<div class=\"elementor-element elementor-element-62bc6988 elementor-widget elementor-widget-text-editor\" data-id=\"62bc6988\" data-element_type=\"widget\" data-e-type=\"widget\" data-widget_type=\"text-editor.default\">\n\t\t\t\t<div class=\"elementor-widget-container\">\n\t\t\t\t\t\t\t\t\t<p>El Nominativ es solo el comienzo de tu viaje hacia la maestr\u00eda en alem\u00e1n. Para profundizar en tus conocimientos, aseg\u00farate de explorar los casos gramaticales relacionados:<\/p><p><a class=\"content\" href=\"https:\/\/alemanexpress.net\/index.php\/akkusativ\/\">Akkusativ<\/a>: El siguiente paso en tu camino hacia la fluidez en alem\u00e1n.<br \/><a class=\"content\" href=\"https:\/\/alemanexpress.net\/index.php\/dativ\/\">Dativ<\/a>: Descubre c\u00f3mo expresar posesi\u00f3n y direcci\u00f3n.<\/p>\t\t\t\t\t\t\t\t<\/div>\n\t\t\t\t<\/div>\n\t\t\t\t\t<\/div>\n\t\t<\/div>\n\t\t\t\t<div class=\"elementor-column elementor-col-25 elementor-top-column elementor-element elementor-element-3d37b5a9\" data-id=\"3d37b5a9\" data-element_type=\"column\" data-e-type=\"column\">\n\t\t\t<div class=\"elementor-widget-wrap\">\n\t\t\t\t\t\t\t<\/div>\n\t\t<\/div>\n\t\t\t\t\t<\/div>\n\t\t<\/section>\n\t\t\t\t<\/div>\n\t\t","protected":false},"excerpt":{"rendered":"<p>El Nominativo en Alem\u00e1n \u00bfTe has preguntado alguna vez sobre el misterioso mundo de los casos gramaticales en alem\u00e1n? \u00a1No busques m\u00e1s! Aqu\u00ed, desglosaremos el Nominativ, el caso m\u00e1s b\u00e1sico pero esencial en la gram\u00e1tica alemana. Prep\u00e1rate para embarcarte en un viaje educativo hacia la comprensi\u00f3n del Nominativ. \u00bfQu\u00e9 es el Nominativ? El primer caso,&hellip;&nbsp;<a href=\"https:\/\/alemanexpress.net\/index.php\/nominativ\/\" class=\"\" rel=\"bookmark\">Weiterlesen &raquo;<span class=\"screen-reader-text\">El Nominativo en la Gram\u00e1tica del Alem\u00e1n<\/span><\/a><\/p>\n","protected":false},"author":1,"featured_media":0,"parent":0,"menu_order":0,"comment_status":"closed","ping_status":"closed","template":"","meta":{"neve_meta_sidebar":"","neve_meta_container":"","neve_meta_enable_content_width":"","neve_meta_content_width":0,"neve_meta_title_alignment":"","neve_meta_author_avatar":"","neve_post_elements_order":"","neve_meta_disable_header":"","neve_meta_disable_footer":"","neve_meta_disable_title":"","footnotes":""},"class_list":["post-1082","page","type-page","status-publish","hentry"],"aioseo_notices":[],"_links":{"self":[{"href":"https:\/\/alemanexpress.net\/index.php\/wp-json\/wp\/v2\/pages\/1082","targetHints":{"allow":["GET"]}}],"collection":[{"href":"https:\/\/alemanexpress.net\/index.php\/wp-json\/wp\/v2\/pages"}],"about":[{"href":"https:\/\/alemanexpress.net\/index.php\/wp-json\/wp\/v2\/types\/page"}],"author":[{"embeddable":true,"href":"https:\/\/alemanexpress.net\/index.php\/wp-json\/wp\/v2\/users\/1"}],"replies":[{"embeddable":true,"href":"https:\/\/alemanexpress.net\/index.php\/wp-json\/wp\/v2\/comments?post=1082"}],"version-history":[{"count":15,"href":"https:\/\/alemanexpress.net\/index.php\/wp-json\/wp\/v2\/pages\/1082\/revisions"}],"predecessor-version":[{"id":1511,"href":"https:\/\/alemanexpress.net\/index.php\/wp-json\/wp\/v2\/pages\/1082\/revisions\/1511"}],"wp:attachment":[{"href":"https:\/\/alemanexpress.net\/index.php\/wp-json\/wp\/v2\/media?parent=1082"}],"curies":[{"name":"wp","href":"https:\/\/api.w.org\/{rel}","templated":true}]}}