{"id":1058,"date":"2023-01-06T23:17:38","date_gmt":"2023-01-06T23:17:38","guid":{"rendered":"https:\/\/e-linguist.com\/?page_id=1058"},"modified":"2023-10-18T12:36:48","modified_gmt":"2023-10-18T19:36:48","slug":"relativsatz","status":"publish","type":"page","link":"https:\/\/alemanexpress.net\/index.php\/relativsatz\/","title":{"rendered":"Aprende a Dominar los Relativos en Alem\u00e1n"},"content":{"rendered":"\t\t<div data-elementor-type=\"wp-page\" data-elementor-id=\"1058\" class=\"elementor elementor-1058\">\n\t\t\t\t\t\t<section class=\"elementor-section elementor-top-section elementor-element elementor-element-724701de elementor-section-full_width elementor-section-height-default elementor-section-height-default\" data-id=\"724701de\" data-element_type=\"section\" data-e-type=\"section\">\n\t\t\t\t\t\t<div class=\"elementor-container elementor-column-gap-default\">\n\t\t\t\t\t<div class=\"elementor-column elementor-col-100 elementor-top-column elementor-element elementor-element-2fb42cb3\" data-id=\"2fb42cb3\" data-element_type=\"column\" data-e-type=\"column\">\n\t\t\t<div class=\"elementor-widget-wrap elementor-element-populated\">\n\t\t\t\t\t\t<div class=\"elementor-element elementor-element-f5e42ce elementor-widget elementor-widget-heading\" data-id=\"f5e42ce\" data-element_type=\"widget\" data-e-type=\"widget\" data-widget_type=\"heading.default\">\n\t\t\t\t<div class=\"elementor-widget-container\">\n\t\t\t\t\t<h4 class=\"elementor-heading-title elementor-size-default\">Aprende a Dominar los Relativos en Alem\u00e1n<\/h4>\t\t\t\t<\/div>\n\t\t\t\t<\/div>\n\t\t\t\t\t<\/div>\n\t\t<\/div>\n\t\t\t\t\t<\/div>\n\t\t<\/section>\n\t\t\t\t<section class=\"elementor-section elementor-top-section elementor-element elementor-element-3698c05e elementor-section-boxed elementor-section-height-default elementor-section-height-default\" data-id=\"3698c05e\" data-element_type=\"section\" data-e-type=\"section\">\n\t\t\t\t\t\t<div class=\"elementor-container elementor-column-gap-default\">\n\t\t\t\t\t<div class=\"elementor-column elementor-col-25 elementor-top-column elementor-element elementor-element-f773ebb\" data-id=\"f773ebb\" data-element_type=\"column\" data-e-type=\"column\">\n\t\t\t<div class=\"elementor-widget-wrap elementor-element-populated\">\n\t\t\t\t\t\t<div class=\"elementor-element elementor-element-37abfac7 elementor-widget elementor-widget-nav-menu\" data-id=\"37abfac7\" data-element_type=\"widget\" data-e-type=\"widget\" data-widget_type=\"nav-menu.default\">\n\t\t\t\t<div class=\"elementor-widget-container\">\n\t\t\t\t\t \t\t\t\t<\/div>\n\t\t\t\t<\/div>\n\t\t\t\t\t<\/div>\n\t\t<\/div>\n\t\t\t\t<div class=\"elementor-column elementor-col-50 elementor-top-column elementor-element elementor-element-78893e7f\" data-id=\"78893e7f\" data-element_type=\"column\" data-e-type=\"column\">\n\t\t\t<div class=\"elementor-widget-wrap elementor-element-populated\">\n\t\t\t\t\t\t<div class=\"elementor-element elementor-element-372bde98 elementor-widget elementor-widget-text-editor\" data-id=\"372bde98\" data-element_type=\"widget\" data-e-type=\"widget\" data-widget_type=\"text-editor.default\">\n\t\t\t\t<div class=\"elementor-widget-container\">\n\t\t\t\t\t\t\t\t\t<p>\u00bfAlguna vez te has sentido abrumado por los relatos largos en alem\u00e1n? \u00a1No te preocupes m\u00e1s! En este tutorial, te llevar\u00e9 de la mano a trav\u00e9s del mundo de los relativos en alem\u00e1n (Relative Clauses) y te ense\u00f1ar\u00e9 c\u00f3mo manejarlos con facilidad.<\/p><p>\u00a0<\/p>\t\t\t\t\t\t\t\t<\/div>\n\t\t\t\t<\/div>\n\t\t\t\t<div class=\"elementor-element elementor-element-11c79db elementor-widget elementor-widget-heading\" data-id=\"11c79db\" data-element_type=\"widget\" data-e-type=\"widget\" data-widget_type=\"heading.default\">\n\t\t\t\t<div class=\"elementor-widget-container\">\n\t\t\t\t\t<h4 class=\"elementor-heading-title elementor-size-default\">\u00bfQu\u00e9 son los Relativos? (Relativsatz)<\/h4>\t\t\t\t<\/div>\n\t\t\t\t<\/div>\n\t\t\t\t<div class=\"elementor-element elementor-element-bc1899b elementor-widget elementor-widget-text-editor\" data-id=\"bc1899b\" data-element_type=\"widget\" data-e-type=\"widget\" data-widget_type=\"text-editor.default\">\n\t\t\t\t<div class=\"elementor-widget-container\">\n\t\t\t\t\t\t\t\t\t<p>Los relativos son como esos detectives que nos proporcionan detalles adicionales sobre algo o alguien en una oraci\u00f3n. Comienzan con un pronombre relativo (o con la preposici\u00f3n que le acompa\u00f1a) y terminan con un verbo conjugado, siempre en forma de una oraci\u00f3n secundaria. \u00a1Y aqu\u00ed est\u00e1 la clave! Utilizamos una coma para separarlos de la oraci\u00f3n principal.<\/p><h5><strong>Ejemplos (Ejemplos):<\/strong><\/h5><p><strong>Para los chicos:<\/strong> Las chicas, que son muy inteligentes, estudian en la biblioteca. (Nominativo)<br \/><em>Die M\u00e4dchen, die sehr intelligent sind, lernen in der Bibliothek.<\/em><br \/><strong>Para las chicas<\/strong>: Los chicos, a quienes hemos visto, son muy amigables. (Akkusativ)<br \/><em>Die Jungen, die wir gesehen haben, sind sehr nett.<\/em><br \/><strong>Para las chicas con gustos exigentes<\/strong>: Las chicas, para las cuales hemos comprado libros, son muy cultas. (Akkusativ con preposici\u00f3n)<br \/><em>Die M\u00e4dchen, f\u00fcr die wir die B\u00fccher gekauft haben, sind sehr gebildet.<\/em><br \/><strong>Para los enamorados:<\/strong> Las chicas, a las que hemos dado flores, est\u00e1n sonriendo. (Dativ)<br \/><em>Die M\u00e4dchen, denen wir Blumen gegeben haben, l\u00e4cheln.<\/em><br \/><strong>Para los regalones:<\/strong> Las chicas, de las que hemos recibido regalos, son nuestras amigas. (Dativ con preposici\u00f3n)<br \/><em>Die M\u00e4dchen, von denen wir Geschenke bekommen habe, sind unsere Freundinnen.<\/em><br \/><strong>Para los curiosos:<\/strong> Las chicas, cuyo hermano estudia con nosotros, son excelentes estudiantes. (Genitiv)<br \/><em>Die M\u00e4dchen, deren Bruder mit uns studiert, sind exellente Studentinnen.<\/em><\/p>\t\t\t\t\t\t\t\t<\/div>\n\t\t\t\t<\/div>\n\t\t\t\t<div class=\"elementor-element elementor-element-4b99d68 elementor-position-inline-start elementor-view-default elementor-mobile-position-block-start elementor-widget elementor-widget-icon-box\" data-id=\"4b99d68\" data-element_type=\"widget\" data-e-type=\"widget\" data-widget_type=\"icon-box.default\">\n\t\t\t\t<div class=\"elementor-widget-container\">\n\t\t\t\t\t\t\t<div class=\"elementor-icon-box-wrapper\">\n\n\t\t\t\t\t\t<div class=\"elementor-icon-box-icon\">\n\t\t\t\t<span  class=\"elementor-icon\">\n\t\t\t\t<i aria-hidden=\"true\" class=\"far fa-comment\"><\/i>\t\t\t\t<\/span>\n\t\t\t<\/div>\n\t\t\t\n\t\t\t\t\t\t<div class=\"elementor-icon-box-content\">\n\n\t\t\t\t\n\t\t\t\t\t\t\t\t\t<p class=\"elementor-icon-box-description\">\n\t\t\t\t\t\tMeine Frau, <span class=\"nominativ\">die gestern Geburtstag hatte,<\/span> ist 39 Jahre alt geworden. \t\t\t\t\t<\/p>\n\t\t\t\t\n\t\t\t<\/div>\n\t\t\t\n\t\t<\/div>\n\t\t\t\t\t\t<\/div>\n\t\t\t\t<\/div>\n\t\t\t\t<div class=\"elementor-element elementor-element-3721cb9d elementor-widget elementor-widget-heading\" data-id=\"3721cb9d\" data-element_type=\"widget\" data-e-type=\"widget\" data-widget_type=\"heading.default\">\n\t\t\t\t<div class=\"elementor-widget-container\">\n\t\t\t\t\t<h5 class=\"elementor-heading-title elementor-size-default\">Declinaci\u00f3n<\/h5>\t\t\t\t<\/div>\n\t\t\t\t<\/div>\n\t\t\t\t<div class=\"elementor-element elementor-element-6f0d2388 elementor-widget elementor-widget-text-editor\" data-id=\"6f0d2388\" data-element_type=\"widget\" data-e-type=\"widget\" data-widget_type=\"text-editor.default\">\n\t\t\t\t<div class=\"elementor-widget-container\">\n\t\t\t\t\t\t\t\t\tLa declinaci\u00f3n es el arte de cambiar los pronombres relativos seg\u00fan su relaci\u00f3n con otros elementos de la oraci\u00f3n. Los pronombres relativos son casi iguales a los art\u00edculos de <a class=\"content\" href=\"https:\/\/alemanexpress.net\/index.php\/deklination\/\">la declinaci\u00f3n regular<\/a>, excepto en los casos de Genitiv y Dativ Plural. Echemos un vistazo:\t\t\t\t\t\t\t\t<\/div>\n\t\t\t\t<\/div>\n\t\t\t\t<div class=\"elementor-element elementor-element-54710b88 elementor-widget elementor-widget-text-editor\" data-id=\"54710b88\" data-element_type=\"widget\" data-e-type=\"widget\" data-widget_type=\"text-editor.default\">\n\t\t\t\t<div class=\"elementor-widget-container\">\n\t\t\t\t\t\t\t\t\t<table class=\"table\"><thead><tr><th style=\"text-align: center;\">\u00a0<\/th><th style=\"text-align: center;\">Nominativ<\/th><th style=\"text-align: center;\">Akkusativ<\/th><th style=\"text-align: center;\">Dativ<\/th><th style=\"text-align: center;\">Genitiv<\/th><\/tr><\/thead><tbody><tr><td>masculino<\/td><td>der<\/td><td>den<\/td><td>dem<\/td><td>dessen<\/td><\/tr><tr><td>feminino<\/td><td>die<\/td><td>die<\/td><td>der<\/td><td>deren<\/td><\/tr><tr><td>neutro<\/td><td>das<\/td><td>das<\/td><td>dem<\/td><td>dessen<\/td><\/tr><tr><td>Plural<\/td><td>die<\/td><td>die<\/td><td>denen<\/td><td>deren<\/td><\/tr><\/tbody><\/table>\t\t\t\t\t\t\t\t<\/div>\n\t\t\t\t<\/div>\n\t\t\t\t<div class=\"elementor-element elementor-element-7dc2708 elementor-widget elementor-widget-heading\" data-id=\"7dc2708\" data-element_type=\"widget\" data-e-type=\"widget\" data-widget_type=\"heading.default\">\n\t\t\t\t<div class=\"elementor-widget-container\">\n\t\t\t\t\t<h5 class=\"elementor-heading-title elementor-size-default\">Ejemplos:<\/h5>\t\t\t\t<\/div>\n\t\t\t\t<\/div>\n\t\t\t\t<div class=\"elementor-element elementor-element-183510fe elementor-widget elementor-widget-text-editor\" data-id=\"183510fe\" data-element_type=\"widget\" data-e-type=\"widget\" data-widget_type=\"text-editor.default\">\n\t\t\t\t<div class=\"elementor-widget-container\">\n\t\t\t\t\t\t\t\t\t<p>La palabra subrayada marca con cual substantivo est\u00e1&nbsp;<span style=\"background-color: var( --e-global-color-c696dce ); color: var(--nv-text-color); font-family: var(--bodyfontfamily),var(--nv-fallback-ff); font-size: var(--bodyfontsize); font-weight: var(--bodyfontweight); letter-spacing: var(--bodyletterspacing); text-transform: var(--bodytexttransform);\">relacionado<\/span><span style=\"background-color: var( --e-global-color-c696dce ); color: var(--nv-text-color); font-family: var(--bodyfontfamily),var(--nv-fallback-ff); font-size: var(--bodyfontsize); font-weight: var(--bodyfontweight); letter-spacing: var(--bodyletterspacing); text-transform: var(--bodytexttransform);\">&nbsp;el pronombre relativo.&nbsp;<\/span><span style=\"background-color: var( --e-global-color-c696dce ); color: var(--nv-text-color); font-family: var(--bodyfontfamily),var(--nv-fallback-ff); font-size: var(--bodyfontsize); font-weight: var(--bodyfontweight); letter-spacing: var(--bodyletterspacing); text-transform: var(--bodytexttransform);\">Cada color indica un caso gramatical, como ayuda de identificaci\u00f3n r\u00e1pida.<\/span><\/p>\n<p><span class=\"nominativ\">Nominativ<\/span> &#8211; <span class=\"akkusativ\">Akkusativ<\/span> &#8211; <span class=\"dativ\">Dativ<\/span> &#8211; <span class=\"genitiv\">Genitiv<\/span><\/p>\t\t\t\t\t\t\t\t<\/div>\n\t\t\t\t<\/div>\n\t\t\t\t<div class=\"elementor-element elementor-element-c15ad4a elementor-widget elementor-widget-heading\" data-id=\"c15ad4a\" data-element_type=\"widget\" data-e-type=\"widget\" data-widget_type=\"heading.default\">\n\t\t\t\t<div class=\"elementor-widget-container\">\n\t\t\t\t\t<h6 class=\"elementor-heading-title elementor-size-default\">Masculino<\/h6>\t\t\t\t<\/div>\n\t\t\t\t<\/div>\n\t\t\t\t<div class=\"elementor-element elementor-element-aa83a59 elementor-widget elementor-widget-text-editor\" data-id=\"aa83a59\" data-element_type=\"widget\" data-e-type=\"widget\" data-widget_type=\"text-editor.default\">\n\t\t\t\t<div class=\"elementor-widget-container\">\n\t\t\t\t\t\t\t\t\t<p><em>Nominativ<\/em>:<br \/>Das ist <u>der Mann<\/u>, <span class=\"nominativ\">der<\/span> mich gestern besucht hat.<\/p><p><em>Akkusativ<\/em>:<br \/>Das ist <u>der Mann<\/u>, <span class=\"akkusativ\">den<\/span> ich gestern gesehen habe.<br \/><em>mit Pr\u00e4position<\/em>:<br \/>Das ist <u>der Mann<\/u>, <strong>f\u00fcr<\/strong> <span class=\"akkusativ\">den<\/span> ich gestern eingekauft habe.<\/p><p><em>Dativ<\/em>:<br \/>Das ist <u>der Mann<\/u>, <span class=\"dativ\">dem<\/span> ich Blumen geschenkt habe.<br \/><em>mit Pr\u00e4position<\/em>:<br \/>Das ist <u>der Mann<\/u>, <strong>von<\/strong> <span class=\"dativ\">dem<\/span> ich ein Geschenk bekommen habe.<\/p><p><em>Genitiv<\/em>:<br \/>Das ist <u>der Mann<\/u>, <span class=\"genitiv\">dessen<\/span> Kind mit mir zur Schule geht.<\/p>\t\t\t\t\t\t\t\t<\/div>\n\t\t\t\t<\/div>\n\t\t\t\t<div class=\"elementor-element elementor-element-3f505436 elementor-widget elementor-widget-heading\" data-id=\"3f505436\" data-element_type=\"widget\" data-e-type=\"widget\" data-widget_type=\"heading.default\">\n\t\t\t\t<div class=\"elementor-widget-container\">\n\t\t\t\t\t<h6 class=\"elementor-heading-title elementor-size-default\">Feminino<\/h6>\t\t\t\t<\/div>\n\t\t\t\t<\/div>\n\t\t\t\t<div class=\"elementor-element elementor-element-038434b elementor-widget elementor-widget-text-editor\" data-id=\"038434b\" data-element_type=\"widget\" data-e-type=\"widget\" data-widget_type=\"text-editor.default\">\n\t\t\t\t<div class=\"elementor-widget-container\">\n\t\t\t\t\t\t\t\t\t<p><em>Nominativ <\/em>: <br \/>Das ist <u>die Frau<\/u>, <span class=\"nominativ\">die<\/span> mich gestern besucht hat.<\/p><p><em>Akkusativ<\/em>: <br \/>Das ist <u>die Frau<\/u>, <span class=\"akkusativ\">die<\/span> ich gestern gesehen habe.<br \/><em>mit Pr\u00e4position<\/em>: <br \/>Das ist <u>die Frau<\/u>, <strong>f\u00fcr<\/strong> <span class=\"akkusativ\">die<\/span> ich gestern eingekauft habe.<\/p><p><em>Dativ<\/em>:<br \/>Das ist <u>die Frau<\/u>, <span class=\"dativ\">der<\/span> ich Blumen geschenkt habe.<br \/><em>mit Pr\u00e4position<\/em>: <br \/>Das ist <u>die Frau<\/u>, <strong>von<\/strong> <span class=\"dativ\">der<\/span> ich ein Geschenk bekommen habe.<\/p><p><em>Genitiv<\/em>: <br \/>Das ist die Frau, <span class=\"genitiv\">deren<\/span> Kind mit mir zur Schule geht.<\/p>\t\t\t\t\t\t\t\t<\/div>\n\t\t\t\t<\/div>\n\t\t\t\t<div class=\"elementor-element elementor-element-bfcfbb4 elementor-widget elementor-widget-heading\" data-id=\"bfcfbb4\" data-element_type=\"widget\" data-e-type=\"widget\" data-widget_type=\"heading.default\">\n\t\t\t\t<div class=\"elementor-widget-container\">\n\t\t\t\t\t<h6 class=\"elementor-heading-title elementor-size-default\">Neutro<\/h6>\t\t\t\t<\/div>\n\t\t\t\t<\/div>\n\t\t\t\t<div class=\"elementor-element elementor-element-c61b6a1 elementor-widget elementor-widget-text-editor\" data-id=\"c61b6a1\" data-element_type=\"widget\" data-e-type=\"widget\" data-widget_type=\"text-editor.default\">\n\t\t\t\t<div class=\"elementor-widget-container\">\n\t\t\t\t\t\t\t\t\t<p><em>Nominativ<\/em> :<br \/>Das ist <u>das Kind<\/u>, <span class=\"nominativ\">das<\/span> mich gestern besucht hat.<\/p><p><em>Akkusativ<\/em>:<br \/>Das ist <u>das Kind<\/u>, <span class=\"akkusativ\">das<\/span> ich gestern gesehen habe.<br \/><em>mit Pr\u00e4position<\/em>:<br \/>Das ist <u>das Kind<\/u>, <strong>f\u00fcr<\/strong> <span class=\"akkusativ\">das<\/span> ich gestern eingekauft habe.<\/p><p><em>Dativ<\/em>:<br \/>Das ist <u>das Kind<\/u>, <span class=\"dativ\">dem<\/span> ich Blumen geschenkt habe.<br \/><em>mit Pr\u00e4position<\/em>:<br \/>Das ist <u>das Kind<\/u>, <strong>von<\/strong> <span class=\"dativ\">dem<\/span> ich ein Geschenk bekommen habe.<\/p><p><em>Genitiv<\/em>:<br \/>Das ist <u>das Kind<\/u>, <span class=\"genitiv\">dessen<\/span> Bruder mit mir zur Schule geht.<\/p>\t\t\t\t\t\t\t\t<\/div>\n\t\t\t\t<\/div>\n\t\t\t\t<div class=\"elementor-element elementor-element-4670030 elementor-widget elementor-widget-heading\" data-id=\"4670030\" data-element_type=\"widget\" data-e-type=\"widget\" data-widget_type=\"heading.default\">\n\t\t\t\t<div class=\"elementor-widget-container\">\n\t\t\t\t\t<h6 class=\"elementor-heading-title elementor-size-default\">Plural<\/h6>\t\t\t\t<\/div>\n\t\t\t\t<\/div>\n\t\t\t\t<div class=\"elementor-element elementor-element-9e35b52 elementor-widget elementor-widget-text-editor\" data-id=\"9e35b52\" data-element_type=\"widget\" data-e-type=\"widget\" data-widget_type=\"text-editor.default\">\n\t\t\t\t<div class=\"elementor-widget-container\">\n\t\t\t\t\t\t\t\t\t<p><em>Nominativ<\/em> :<br \/>Das sind <u>die Leute<\/u>, <span class=\"nominativ\">die<\/span> mich gestern besucht haben.<\/p><p><em>Akkusativ<\/em>:<br \/>Das sind <u>die Leute<\/u>, <span class=\"akkusativ\"> die<\/span> ich gestern gesehen habe.<br \/><em>mit Pr\u00e4position<\/em> :<br \/>Das sind <u>die Leute<\/u>, <strong>f\u00fcr<\/strong> <span class=\"akkusativ\">die<\/span> ich gestern eingekauft habe.<\/p><p><em>Dativ<\/em>:<br \/>Das sind <u>die Leute<\/u>, <span class=\"dativ\"> denen<\/span> ich Blumen geschenkt habe.<br \/><em>mit Pr\u00e4position<\/em>:<br \/>Das sind <u>die Leute<\/u>, <strong>von<\/strong> <span class=\"dativ\"> denen<\/span> ich ein Geschenk bekommen habe.<\/p><p><em>Genitiv<\/em>: Das sind <u>die Leute<\/u>, <span class=\"genitiv\"> deren<\/span> Kind mit mir zur Schule geht.<\/p>\t\t\t\t\t\t\t\t<\/div>\n\t\t\t\t<\/div>\n\t\t\t\t<div class=\"elementor-element elementor-element-1ec59fe elementor-widget elementor-widget-text-editor\" data-id=\"1ec59fe\" data-element_type=\"widget\" data-e-type=\"widget\" data-widget_type=\"text-editor.default\">\n\t\t\t\t<div class=\"elementor-widget-container\">\n\t\t\t\t\t\t\t\t\t<h4>\u00a1A practicar!<\/h4><p>Para mejorar tus habilidades con los relativos en alem\u00e1n, te invito a hacer ejercicios y un e-book para perfeccionar tus conocimientos. \u00a1No dejes que los relativos sean un misterio para ti! \u00a1Dom\u00ednalos y destaca en tu aprendizaje del alem\u00e1n!<\/p><h4>Conclusi\u00f3n\u00a0<\/h4><p>Los pronombres relativos pueden ser complicados al principio, pero con pr\u00e1ctica y paciencia, puedes dominarlos. As\u00ed que, \u00a1adelante! practica y ampl\u00eda tus habilidades en Alem\u00e1n.<\/p><p><strong>\u00bfListo para empezar? \u00a1Visita nuestra area de practica y descarga tu e-book hoy mismo!<\/strong><\/p><p><em>\u00a1Buena suerte en tu viaje hacia el dominio de los relativos en alem\u00e1n!<\/em><\/p>\t\t\t\t\t\t\t\t<\/div>\n\t\t\t\t<\/div>\n\t\t\t\t\t<\/div>\n\t\t<\/div>\n\t\t\t\t<div class=\"elementor-column elementor-col-25 elementor-top-column elementor-element elementor-element-55dc0e56\" data-id=\"55dc0e56\" data-element_type=\"column\" data-e-type=\"column\">\n\t\t\t<div class=\"elementor-widget-wrap\">\n\t\t\t\t\t\t\t<\/div>\n\t\t<\/div>\n\t\t\t\t\t<\/div>\n\t\t<\/section>\n\t\t\t\t<\/div>\n\t\t","protected":false},"excerpt":{"rendered":"<p>Aprende a Dominar los Relativos en Alem\u00e1n \u00bfAlguna vez te has sentido abrumado por los relatos largos en alem\u00e1n? \u00a1No te preocupes m\u00e1s! En este tutorial, te llevar\u00e9 de la mano a trav\u00e9s del mundo de los relativos en alem\u00e1n (Relative Clauses) y te ense\u00f1ar\u00e9 c\u00f3mo manejarlos con facilidad. \u00bfQu\u00e9 son los Relativos? (Relativsatz) Los&hellip;&nbsp;<a href=\"https:\/\/alemanexpress.net\/index.php\/relativsatz\/\" class=\"\" rel=\"bookmark\">Weiterlesen &raquo;<span class=\"screen-reader-text\">Aprende a Dominar los Relativos en Alem\u00e1n<\/span><\/a><\/p>\n","protected":false},"author":1,"featured_media":0,"parent":0,"menu_order":0,"comment_status":"closed","ping_status":"closed","template":"","meta":{"neve_meta_sidebar":"","neve_meta_container":"","neve_meta_enable_content_width":"","neve_meta_content_width":0,"neve_meta_title_alignment":"","neve_meta_author_avatar":"","neve_post_elements_order":"","neve_meta_disable_header":"","neve_meta_disable_footer":"","neve_meta_disable_title":"","footnotes":""},"class_list":["post-1058","page","type-page","status-publish","hentry"],"aioseo_notices":[],"_links":{"self":[{"href":"https:\/\/alemanexpress.net\/index.php\/wp-json\/wp\/v2\/pages\/1058","targetHints":{"allow":["GET"]}}],"collection":[{"href":"https:\/\/alemanexpress.net\/index.php\/wp-json\/wp\/v2\/pages"}],"about":[{"href":"https:\/\/alemanexpress.net\/index.php\/wp-json\/wp\/v2\/types\/page"}],"author":[{"embeddable":true,"href":"https:\/\/alemanexpress.net\/index.php\/wp-json\/wp\/v2\/users\/1"}],"replies":[{"embeddable":true,"href":"https:\/\/alemanexpress.net\/index.php\/wp-json\/wp\/v2\/comments?post=1058"}],"version-history":[{"count":8,"href":"https:\/\/alemanexpress.net\/index.php\/wp-json\/wp\/v2\/pages\/1058\/revisions"}],"predecessor-version":[{"id":1490,"href":"https:\/\/alemanexpress.net\/index.php\/wp-json\/wp\/v2\/pages\/1058\/revisions\/1490"}],"wp:attachment":[{"href":"https:\/\/alemanexpress.net\/index.php\/wp-json\/wp\/v2\/media?parent=1058"}],"curies":[{"name":"wp","href":"https:\/\/api.w.org\/{rel}","templated":true}]}}